{"id":1013,"date":"2020-11-11T08:53:53","date_gmt":"2020-11-11T07:53:53","guid":{"rendered":"https:\/\/fbo-engineering.com\/?page_id=1013"},"modified":"2020-11-20T21:53:48","modified_gmt":"2020-11-20T20:53:48","slug":"themify","status":"publish","type":"page","link":"https:\/\/fbo-engineering.com\/de\/themify\/","title":{"rendered":"Themify"},"content":{"rendered":"<!--themify_builder_content-->\n<div id=\"themify_builder_content-1013\" data-postid=\"1013\" class=\"themify_builder_content themify_builder_content-1013 themify_builder tf_clear\">\n                    <div  data-anchor=\"CONTACT\" data-css_id=\"agq3769\" data-lazy=\"1\" class=\"module_row themify_builder_row fullwidth tb_has_section tb_section-CONTACT tb_agq3769 tb_first tf_w\">\n            <span  class=\"builder_row_cover tf_abs\" data-lazy=\"1\"><\/span>            <div class=\"row_inner gutter-narrow col_align_middle tb_col_count_1 tf_box tf_rel\">\n                        <div  data-lazy=\"1\" class=\"module_column tb-column col-full tb_5yq9771 first\">\n                    <!-- module text -->\n<div  class=\"module module-text tb_u2mh396    wow\" data-tf-animation=\"slideInDown\" data-lazy=\"1\">\n        <div  class=\"tb_text_wrap\">\n        <h1 class=\"wa_style_jag6wula1ds7k821vk\">Franck Boccaccini<\/h1>\n<h2>Fertigungsberater &amp; Industrieprojektmanager<\/h2>    <\/div>\n<\/div>\n<!-- \/module text -->        <div  data-lazy=\"1\" class=\"module_subrow themify_builder_sub_row tf_w col_align_middle tb_col_count_2 tb_9eio839\">\n                <div  data-lazy=\"1\" class=\"module_column sub_column col2-1 tb_iddo840 first\">\n                    <!-- module text -->\n<div  class=\"module module-text tb_ec2f772    wow\" data-tf-animation=\"slideInLeft\" data-lazy=\"1\">\n        <div  class=\"tb_text_wrap\">\n        <p class=\"wa_style_jag6qkhh1ds7jrzy28\">Z\u00f6gern Sie nicht, mich zu kontaktieren, wenn Sie eine Anfrage haben.\u00a0<br \/>Ich werde Ihre Fragen so schnell wie m\u00f6glich beantworten.<\/p>\n<h3 class=\"wa_style_jag6qkhh1ds7jrzy28\">Per E-Mail :\u00a0<\/h3>\n<p class=\"wa_style_jag6qkhh1ds7jrzy28\">Indem Sie mir \u00fcber das Formular schreiben oder direkt an die untenstehende E-Mail-Adresse:<br \/>fbo @ fbo-engineering.com<\/p>\n<h3 class=\"wa_style_jag6qkhh1ds7jrzy28\">Per Telefon:\u00a0<\/h3>\n<p class=\"wa_style_jag6qkhh1ds7jrzy28\">+ 41\u00a0(0)79 384 42 28<\/p>\n<h3 class=\"wa_style_jag6qkhh1ds7jrzy28\">Per Post :\u00a0<\/h3>\n<p class=\"wa_style_jag6qkhh1ds7jrzy28\">FBO Engineering SARL<br \/>Fachberaterin f\u00fcr Bearbeitung und Produktion<br \/>40, Rue de l'Ath\u00e9n\u00e9e<br \/>CH 1206 Genf<\/p>    <\/div>\n<\/div>\n<!-- \/module text -->        <\/div>\n                    <div  data-lazy=\"1\" class=\"module_column sub_column col2-1 tb_neer840 last\">\n                    <!-- module contact -->\n<div  id=\"tb_ba23131\" class=\"module module-contact tb_ba23131 contact-style1  wow\" data-tf-animation=\"slideInRight\" data-tf-animation_delay=\"0.6\" data-lazy=\"1\">\n    \n\t<form class=\"builder-contact\"\n\t\tid=\"tb_ba23131-form\"\n\t\tmethod=\"post\"\n\t\tdata-post-id=\"1013\"\n\t\tdata-element-id=\"ba23131\"\n\t\tdata-orig-id=\"1013\" action=\"\"\n\t>\n    <div class=\"contact-message\"><\/div>\n\t<input type=\"hidden\" id=\"bc_nonce\" name=\"bc_nonce\" value=\"df2a666a1e\" \/><input type=\"hidden\" name=\"_wp_http_referer\" value=\"\/de\/wp-json\/wp\/v2\/pages\/1013\" \/>\t<div class=\"builder-contact-fields tf_rel\">\n\t\t    \t\t    <div class=\"builder-contact-field builder-contact-field-name builder-contact-text-field\">\n\t\t\t    <label class=\"control-label\" for=\"tb_ba23131-contact-name\">\n\t\t\t\t\t\t\t\t\t\t<span class=\"tb-label-span\">Vor- und Nachname <\/span><span class=\"required\">*<\/span>\t\t\t\t<\/label>\n\t\t\t    <div class=\"control-input tf_rel\">\n\t\t\t\t    \t\t\t\t\t    <input type=\"text\" name=\"contact-name\" placeholder=\"\" id=\"tb_ba23131-contact-name\" value=\"\" class=\"form-control\" required>\n\t\t\t\t    \t\t\t\t    \t\t\t    <\/div>\n\t\t<\/div>\n\t    \n\t\t    \t\t    \t\t    <div class=\"builder-contact-field builder-contact-field-extra builder-contact-text-field\">\n\t\t\t\t\n\t\t\t\t<label class=\"control-label\" for=\"field_extra_tb_ba23131_0\">\n\t\t\t\t\t\n\t\t\t\t\tUnternehmen\t\t\t\t\t\t\t\t\t\t\t<input type=\"hidden\" name=\"field_extra_name_0\" value=\"Soci\u00e9t\u00e9\">\n\t\t\t\t\t\t\t\t\t<\/label>\n\t\t\t\t<div class=\"control-input tf_rel\">\n\t\t\t\t\t\t\t\t\t\t\t<input type=\"text\" name=\"field_extra_0\" id=\"field_extra_tb_ba23131_0\" placeholder=\"\" class=\"form-control\">\n\t\t\t\t\t\n\t\t\t\t\t\t\t\t\t<\/div>\n\t\t    <\/div>\n\t    \n\t\t    \t\t    <div class=\"builder-contact-field builder-contact-field-email builder-contact-text-field\">\n\t\t\t    <label class=\"control-label\" for=\"tb_ba23131-contact-email\">\n\t\t\t\t\t\t\t\t\t\t<span class=\"tb-label-span\">E-Mail (achten Sie auf die korrekte Eingabe) <\/span><span class=\"required\">*<\/span>\t\t\t\t<\/label>\n\t\t\t    <div class=\"control-input tf_rel\">\n\t\t\t\t    \t\t\t\t\t    <input type=\"email\" name=\"contact-email\" placeholder=\"\" id=\"tb_ba23131-contact-email\" value=\"\" class=\"form-control\" required>\n\t\t\t\t    \t\t\t\t    \t\t\t    <\/div>\n\t\t<\/div>\n\t    \n\t\t    \t\t    \t\t    <div class=\"builder-contact-field builder-contact-field-extra builder-contact-text-field builder-contact-tel-field\">\n\t\t\t\t\n\t\t\t\t<label class=\"control-label\" for=\"field_extra_tb_ba23131_1\">\n\t\t\t\t\t\n\t\t\t\t\tTelefon (vorzugsweise Mobiltelefon)\t\t\t\t\t\t\t\t\t\t\t<input type=\"hidden\" name=\"field_extra_name_1\" value=\"T\u00e9l\u00e9phone (portable de pr\u00e9f\u00e9rence)\">\n\t\t\t\t\t\t\t\t\t<\/label>\n\t\t\t\t<div class=\"control-input tf_rel\">\n\t\t\t\t\t\t\t\t\t\t\t<input type=\"tel\" name=\"field_extra_1\" id=\"field_extra_tb_ba23131_1\" placeholder=\"\" class=\"form-control\">\n\t\t\t\t\t\n\t\t\t\t\t\t\t\t\t<\/div>\n\t\t    <\/div>\n\t    \n\t\t    \t\t    <div class=\"builder-contact-field builder-contact-field-message builder-contact-textarea-field\">\n\t\t\t    <label class=\"control-label\" for=\"tb_ba23131-contact-message\">\n\t\t\t\t\t\t\t\t\t\t<span class=\"tb-label-span\">Nachricht <\/span>\t\t\t\t<\/label>\n\t\t\t    <div class=\"control-input tf_rel\">\n\t\t\t\t    \t\t\t\t\t    <textarea name=\"contact-message\" placeholder=\"\" id=\"tb_ba23131-contact-message\" class=\"form-control\"><\/textarea>\n\t\t\t\t    \t\t\t\t    \t\t\t    <\/div>\n\t\t<\/div>\n\t    \n\t\t    \t\t\n\t\t\n\t    \n\t    <div class=\"builder-contact-field builder-contact-field-send control-input tf_textc tf_clear tf_rel\">\n\t\t\t<button type=\"submit\" class=\"btn btn-primary\">\n\t\t\t\t<span class=\"tf_loader\"><\/span>\t\t\t\t<span class=\"tf_submit_icon\"><\/span> \n\t\t\t\tSenden Sie an\t\t\t<\/button>\n\t    <\/div>\n\t<\/div>\n    <input type=\"hidden\" name=\"trp-form-language\" value=\"de\"\/><\/form>\n    <\/div>\n<!-- \/module contact -->\n        <\/div>\n                    <\/div>\n                <\/div>\n                        <\/div>\n        <\/div>\n        <\/div>\n<!--\/themify_builder_content-->","protected":false},"excerpt":{"rendered":"<p>Franck Boccaccini Consultant en fabrication &amp; chef de projet industriel N&rsquo;h\u00e9sitez pas \u00e0 me contacter pour toute demande.\u00a0Je r\u00e9pondrai dans les meilleurs d\u00e9lais \u00e0 vos interrogations. Par email :\u00a0 En m&rsquo;\u00e9crivant gr\u00e2ce au formulaire, ou alors directement au mail ci-dessous :fbo @ fbo-engineering.com Par t\u00e9l\u00e9phone :\u00a0 + 41\u00a0(0)79 384 42 28 Par courrier :\u00a0 FBO [&hellip;]<\/p>\n","protected":false},"author":1,"featured_media":0,"parent":0,"menu_order":0,"comment_status":"closed","ping_status":"closed","template":"","meta":{"_monsterinsights_skip_tracking":false,"_monsterinsights_sitenote_active":false,"_monsterinsights_sitenote_note":"","_monsterinsights_sitenote_category":0,"footnotes":""},"class_list":["post-1013","page","type-page","status-publish","hentry","has-post-title","has-post-date","has-post-category","has-post-tag","has-post-comment","has-post-author",""],"yoast_head":"<!-- This site is optimized with the Yoast SEO plugin v27.4 - https:\/\/yoast.com\/product\/yoast-seo-wordpress\/ -->\n<title>Contact - Franck Boccaccini - Expert conseil en usinage et production<\/title>\n<meta name=\"description\" content=\"Contactez moi par mail ou t\u00e9l\u00e9phone pour toute demande de rendez-vous concernant votre projet d&#039;optimisation de production, d&#039;usinage ou d\u00e9colletage.\" \/>\n<meta name=\"robots\" content=\"index, follow, max-snippet:-1, max-image-preview:large, max-video-preview:-1\" \/>\n<link rel=\"canonical\" href=\"https:\/\/fbo-engineering.com\/de\/themify\/\" \/>\n<meta property=\"og:locale\" content=\"de_DE\" \/>\n<meta property=\"og:type\" content=\"article\" \/>\n<meta property=\"og:title\" content=\"Contact - Franck Boccaccini - Expert conseil en usinage et production\" \/>\n<meta property=\"og:description\" content=\"Contactez moi par mail ou t\u00e9l\u00e9phone pour toute demande de rendez-vous concernant votre projet d&#039;optimisation de production, d&#039;usinage ou d\u00e9colletage.\" \/>\n<meta property=\"og:url\" content=\"https:\/\/fbo-engineering.com\/de\/themify\/\" \/>\n<meta property=\"og:site_name\" content=\"FBO Engineering\" \/>\n<meta property=\"article:modified_time\" content=\"2020-11-20T20:53:48+00:00\" \/>\n<meta name=\"twitter:card\" content=\"summary_large_image\" \/>\n<script type=\"application\/ld+json\" class=\"yoast-schema-graph\">{\"@context\":\"https:\\\/\\\/schema.org\",\"@graph\":[{\"@type\":\"WebPage\",\"@id\":\"https:\\\/\\\/fbo-engineering.com\\\/en\\\/themify\\\/\",\"url\":\"https:\\\/\\\/fbo-engineering.com\\\/en\\\/themify\\\/\",\"name\":\"Contact - Franck Boccaccini - Expert conseil en usinage et production\",\"isPartOf\":{\"@id\":\"https:\\\/\\\/fbo-engineering.com\\\/#website\"},\"datePublished\":\"2020-11-11T07:53:53+00:00\",\"dateModified\":\"2020-11-20T20:53:48+00:00\",\"description\":\"Contactez moi par mail ou t\u00e9l\u00e9phone pour toute demande de rendez-vous concernant votre projet d'optimisation de production, d'usinage ou d\u00e9colletage.\",\"breadcrumb\":{\"@id\":\"https:\\\/\\\/fbo-engineering.com\\\/en\\\/themify\\\/#breadcrumb\"},\"inLanguage\":\"de\",\"potentialAction\":[{\"@type\":\"ReadAction\",\"target\":[\"https:\\\/\\\/fbo-engineering.com\\\/en\\\/themify\\\/\"]}]},{\"@type\":\"BreadcrumbList\",\"@id\":\"https:\\\/\\\/fbo-engineering.com\\\/en\\\/themify\\\/#breadcrumb\",\"itemListElement\":[{\"@type\":\"ListItem\",\"position\":1,\"name\":\"Accueil\",\"item\":\"https:\\\/\\\/fbo-engineering.com\\\/\"},{\"@type\":\"ListItem\",\"position\":2,\"name\":\"Themify\"}]},{\"@type\":\"WebSite\",\"@id\":\"https:\\\/\\\/fbo-engineering.com\\\/#website\",\"url\":\"https:\\\/\\\/fbo-engineering.com\\\/\",\"name\":\"FBO Engineering\",\"description\":\"Expert consultant en usinage et d\u00e9colletage\",\"potentialAction\":[{\"@type\":\"SearchAction\",\"target\":{\"@type\":\"EntryPoint\",\"urlTemplate\":\"https:\\\/\\\/fbo-engineering.com\\\/?s={search_term_string}\"},\"query-input\":{\"@type\":\"PropertyValueSpecification\",\"valueRequired\":true,\"valueName\":\"search_term_string\"}}],\"inLanguage\":\"de\"}]}<\/script>\n<!-- \/ Yoast SEO plugin. -->","yoast_head_json":{"title":"Kontakt - Franck Boccaccini - Kompetente Beratung in Bearbeitung und Produktion","description":"Kontaktieren Sie mich per E-Mail oder Telefon f\u00fcr eine Terminanfrage zu Ihrem Produktionsoptimierungsprojekt, zur Bearbeitung oder zum Automatendrehen.","robots":{"index":"index","follow":"follow","max-snippet":"max-snippet:-1","max-image-preview":"max-image-preview:large","max-video-preview":"max-video-preview:-1"},"canonical":"https:\/\/fbo-engineering.com\/de\/themify\/","og_locale":"de_DE","og_type":"article","og_title":"Contact - Franck Boccaccini - Expert conseil en usinage et production","og_description":"Contactez moi par mail ou t\u00e9l\u00e9phone pour toute demande de rendez-vous concernant votre projet d'optimisation de production, d'usinage ou d\u00e9colletage.","og_url":"https:\/\/fbo-engineering.com\/de\/themify\/","og_site_name":"FBO Engineering","article_modified_time":"2020-11-20T20:53:48+00:00","twitter_card":"summary_large_image","schema":{"@context":"https:\/\/schema.org","@graph":[{"@type":"WebPage","@id":"https:\/\/fbo-engineering.com\/en\/themify\/","url":"https:\/\/fbo-engineering.com\/en\/themify\/","name":"Kontakt - Franck Boccaccini - Kompetente Beratung in Bearbeitung und Produktion","isPartOf":{"@id":"https:\/\/fbo-engineering.com\/#website"},"datePublished":"2020-11-11T07:53:53+00:00","dateModified":"2020-11-20T20:53:48+00:00","description":"Kontaktieren Sie mich per E-Mail oder Telefon f\u00fcr eine Terminanfrage zu Ihrem Produktionsoptimierungsprojekt, zur Bearbeitung oder zum Automatendrehen.","breadcrumb":{"@id":"https:\/\/fbo-engineering.com\/en\/themify\/#breadcrumb"},"inLanguage":"de","potentialAction":[{"@type":"ReadAction","target":["https:\/\/fbo-engineering.com\/en\/themify\/"]}]},{"@type":"BreadcrumbList","@id":"https:\/\/fbo-engineering.com\/en\/themify\/#breadcrumb","itemListElement":[{"@type":"ListItem","position":1,"name":"Accueil","item":"https:\/\/fbo-engineering.com\/"},{"@type":"ListItem","position":2,"name":"Themify"}]},{"@type":"WebSite","@id":"https:\/\/fbo-engineering.com\/#website","url":"https:\/\/fbo-engineering.com\/","name":"FBO Technik","description":"Fachberater f\u00fcr die Bearbeitung und das Stangendrehen","potentialAction":[{"@type":"SearchAction","target":{"@type":"EntryPoint","urlTemplate":"https:\/\/fbo-engineering.com\/?s={search_term_string}"},"query-input":{"@type":"PropertyValueSpecification","valueRequired":true,"valueName":"search_term_string"}}],"inLanguage":"de"}]}},"builder_content":"<h1>Franck Boccaccini<\/h1> <h2>Consultant en fabrication &amp; chef de projet industriel<\/h2>\n<p>N'h\u00e9sitez pas \u00e0 me contacter pour toute demande.\u00a0<br \/>Je r\u00e9pondrai dans les meilleurs d\u00e9lais \u00e0 vos interrogations.<\/p> <h3>Par email :\u00a0<\/h3> <p>En m'\u00e9crivant gr\u00e2ce au formulaire, ou alors directement au mail ci-dessous :<br \/>fbo @ fbo-engineering.com<\/p> <h3>Par t\u00e9l\u00e9phone :\u00a0<\/h3> <p>+ 41\u00a0(0)79 384 42 28<\/p> <h3>Par courrier :\u00a0<\/h3> <p>FBO Engineering SARL<br \/>Consultant Expert en Usinage &amp; Productique<br \/>40, Rue de l'Ath\u00e9n\u00e9e<br \/>CH 1206 Gen\u00e8ve<\/p>\n<form id=\"tb_ba23131-form\" method=\"post\" data-post-id=\"0\" data-element-id=\"ba23131\" data-orig-id=\"1013\" > <input type=\"hidden\" id=\"bc_nonce\" name=\"bc_nonce\" value=\"df2a666a1e\" \/><input type=\"hidden\" name=\"_wp_http_referer\" value=\"\/de\/wp-json\/wp\/v2\/pages\/1013\" \/> <label for=\"tb_ba23131-contact-name\"> Nom et pr\u00e9nom * <\/label> <input type=\"text\" name=\"contact-name\" placeholder=\"\" id=\"tb_ba23131-contact-name\" value=\"\" required> <label for=\"field_extra_tb_ba23131_0\"> Soci\u00e9t\u00e9 <input type=\"hidden\" name=\"field_extra_name_0\" value=\"Soci\u00e9t\u00e9\"> <\/label> <input type=\"text\" name=\"field_extra_0\" id=\"field_extra_tb_ba23131_0\" placeholder=\"\"> <label for=\"tb_ba23131-contact-email\"> Email (attention \u00e0 bien le saisir) * <\/label> <input type=\"email\" name=\"contact-email\" placeholder=\"\" id=\"tb_ba23131-contact-email\" value=\"\" required> <label for=\"field_extra_tb_ba23131_1\"> T\u00e9l\u00e9phone (portable de pr\u00e9f\u00e9rence) <input type=\"hidden\" name=\"field_extra_name_1\" value=\"T\u00e9l\u00e9phone (portable de pr\u00e9f\u00e9rence)\"> <\/label> <input type=\"tel\" name=\"field_extra_1\" id=\"field_extra_tb_ba23131_1\" placeholder=\"\"> <label for=\"tb_ba23131-contact-message\"> Message <\/label> <textarea name=\"contact-message\" placeholder=\"\" id=\"tb_ba23131-contact-message\"><\/textarea> <button type=\"submit\"> Envoyer <\/button> <\/form>","_links":{"self":[{"href":"https:\/\/fbo-engineering.com\/de\/wp-json\/wp\/v2\/pages\/1013","targetHints":{"allow":["GET"]}}],"collection":[{"href":"https:\/\/fbo-engineering.com\/de\/wp-json\/wp\/v2\/pages"}],"about":[{"href":"https:\/\/fbo-engineering.com\/de\/wp-json\/wp\/v2\/types\/page"}],"author":[{"embeddable":true,"href":"https:\/\/fbo-engineering.com\/de\/wp-json\/wp\/v2\/users\/1"}],"replies":[{"embeddable":true,"href":"https:\/\/fbo-engineering.com\/de\/wp-json\/wp\/v2\/comments?post=1013"}],"version-history":[{"count":3,"href":"https:\/\/fbo-engineering.com\/de\/wp-json\/wp\/v2\/pages\/1013\/revisions"}],"predecessor-version":[{"id":1025,"href":"https:\/\/fbo-engineering.com\/de\/wp-json\/wp\/v2\/pages\/1013\/revisions\/1025"}],"wp:attachment":[{"href":"https:\/\/fbo-engineering.com\/de\/wp-json\/wp\/v2\/media?parent=1013"}],"curies":[{"name":"wp","href":"https:\/\/api.w.org\/{rel}","templated":true}]}}