{"id":38,"date":"2020-03-03T10:25:12","date_gmt":"2020-03-03T09:25:12","guid":{"rendered":"https:\/\/fbo-engineering.com\/DEV2020\/?page_id=38"},"modified":"2020-11-10T19:10:57","modified_gmt":"2020-11-10T18:10:57","slug":"organisation-industrielle","status":"publish","type":"page","link":"https:\/\/fbo-engineering.com\/de\/organisation-industrielle\/","title":{"rendered":"Organisatorische L\u00f6sungen"},"content":{"rendered":"<!--themify_builder_content-->\n<div id=\"themify_builder_content-38\" data-postid=\"38\" class=\"themify_builder_content themify_builder_content-38 themify_builder tf_clear\">\n                    <div  data-css_id=\"mb2d525\" data-lazy=\"1\" class=\"module_row themify_builder_row fullwidth tb_mb2d525 tb_first tf_w\">\n            <span  class=\"builder_row_cover tf_abs\" data-lazy=\"1\"><\/span>            <div class=\"row_inner col_align_top tb_col_count_1 tf_box tf_rel\">\n                        <div  data-lazy=\"1\" class=\"module_column tb-column col-full tb_i5ai526 first\">\n                    <!-- module text -->\n<div  class=\"module module-text tb_jblj526  repeat\" data-lazy=\"1\">\n        <div  class=\"tb_text_wrap\">\n        <h1 class=\"wa_style_jag6wula1ds7k821vk\">ORGANISATIONSL\u00d6SUNGEN\u00a0<\/h1>\n<p class=\"wa_style_jag6qkhh1ds7jrzy28\">Koordinieren Sie Ihre Produktion, beschleunigen und verlangsamen Sie sie, w\u00e4hrend Sie optimiert bleiben, und erh\u00f6hen Sie den Rhythmus Ihrer Produktion.<br \/>Einfache, visuelle und fein abgestimmte L\u00f6sungen f\u00fcr die Besonderheiten der einzelnen Unternehmen.\u00a0<br \/>FBO Engineering reist, studiert, schl\u00e4gt vor und hilft bei der Einrichtung bis zum Erfolg des Organisationsprojekts.\u00a0<\/p>\n<h3 class=\"wa_style_jag6qkhh1ds7jrzy28\"><strong>Werkstatt-Terminierung :\u00a0<br \/><\/strong><\/h3>\n<p class=\"wa_style_jag6qkhh1ds7jrzy28\">Eine papier- und CAPM-freie visuelle Methode erm\u00f6glicht die Koordination von Arbeitspl\u00e4tzen und Workshops nach einem einzigen Zeitplan, der sich permanent \u00e4ndern kann. \u00a0<\/p>\n<h3 class=\"wa_style_jag6qkhh1ds7jrzy28\">Produktionskontrolle :\u00a0<\/h3>\n<p class=\"wa_style_jag6qkhh1ds7jrzy28\">Nach der Organisation optimiert die Pilotierung die Produktion entsprechend den Ressourcen, sie erm\u00f6glicht es, die Produktion entsprechend dem Markt zu beschleunigen oder zu verlangsamen, w\u00e4hrend sie optimiert bleibt. Ein Indikator der t\u00e4glichen Verm\u00f6gensbildung gibt eine schnelle R\u00fcckmeldung \u00fcber die Wirksamkeit der Pilotierung und der im Unternehmen getroffenen Entscheidungen.<\/p>\n<h3 class=\"wa_style_jag6qkhh1ds7jrzy28\">Inbetriebnahme der Produktproduktion :\u00a0<\/h3>\n<p class=\"wa_style_jag6qkhh1ds7jrzy28\">Die Produktionslinie ist sehr effizient, papierlos, ohne CAM und f\u00fchrt zu einer kontinuierlichen Verbesserung.<\/p>    <\/div>\n<\/div>\n<!-- \/module text -->        <\/div>\n                        <\/div>\n        <\/div>\n                        <div  data-css_id=\"e95e244\" data-lazy=\"1\" class=\"module_row themify_builder_row fullwidth tb_e95e244 tf_w\">\n            <span  class=\"builder_row_cover tf_abs\" data-lazy=\"1\"><\/span>            <div class=\"row_inner col_align_top tb_col_count_1 tf_box tf_rel\">\n                        <div  data-lazy=\"1\" data-parallax-bg=\"desktop\" class=\"module_column tb-column col-full tb_2rv2245 first\">\n                            <\/div>\n                        <\/div>\n        <\/div>\n        <\/div>\n<!--\/themify_builder_content-->","protected":false},"excerpt":{"rendered":"<p>SOLUTIONS D&rsquo;ORGANISATION\u00a0 Coordonnez votre production, acc\u00e9l\u00e9rez et freinez en restant optimis\u00e9. Rythmez votre production.Des solutions simples, visuelles et finement adapt\u00e9es aux sp\u00e9cificit\u00e9s de chaque entreprise.\u00a0FBO Engineering se d\u00e9place, \u00e9tudie, propose et aide \u00e0 la mise en place jusqu\u2019\u00e0 la r\u00e9ussite du projet d\u2019organisation.\u00a0 Ordonnancement fin d\u2019atelier :\u00a0 Une m\u00e9thode visuelle sans papier et sans GPAO [&hellip;]<\/p>\n","protected":false},"author":1,"featured_media":0,"parent":0,"menu_order":0,"comment_status":"closed","ping_status":"closed","template":"","meta":{"_monsterinsights_skip_tracking":false,"_monsterinsights_sitenote_active":false,"_monsterinsights_sitenote_note":"","_monsterinsights_sitenote_category":0,"footnotes":""},"class_list":["post-38","page","type-page","status-publish","hentry","has-post-title","has-post-date","has-post-category","has-post-tag","has-post-comment","has-post-author",""],"yoast_head":"<!-- This site is optimized with the Yoast SEO plugin v27.4 - https:\/\/yoast.com\/product\/yoast-seo-wordpress\/ -->\n<title>Solutions d&#039;organisation - Consultant d\u00e9colletage et usinage<\/title>\n<meta name=\"description\" content=\"Organiser une chaine de production ou d&#039;usinage, en particulier dans le d\u00e9colletage est le point fort de FBO. De tr\u00e8s nombleux clients lui font confiance.\" \/>\n<meta name=\"robots\" content=\"index, follow, max-snippet:-1, max-image-preview:large, max-video-preview:-1\" \/>\n<link rel=\"canonical\" href=\"https:\/\/fbo-engineering.com\/de\/organisation-industrielle\/\" \/>\n<meta property=\"og:locale\" content=\"de_DE\" \/>\n<meta property=\"og:type\" content=\"article\" \/>\n<meta property=\"og:title\" content=\"Solutions d&#039;organisation - Consultant d\u00e9colletage et usinage\" \/>\n<meta property=\"og:description\" content=\"Organiser une chaine de production ou d&#039;usinage, en particulier dans le d\u00e9colletage est le point fort de FBO. De tr\u00e8s nombleux clients lui font confiance.\" \/>\n<meta property=\"og:url\" content=\"https:\/\/fbo-engineering.com\/de\/organisation-industrielle\/\" \/>\n<meta property=\"og:site_name\" content=\"FBO Engineering\" \/>\n<meta property=\"article:modified_time\" content=\"2020-11-10T18:10:57+00:00\" \/>\n<meta name=\"twitter:card\" content=\"summary_large_image\" \/>\n<script type=\"application\/ld+json\" class=\"yoast-schema-graph\">{\"@context\":\"https:\\\/\\\/schema.org\",\"@graph\":[{\"@type\":\"WebPage\",\"@id\":\"https:\\\/\\\/fbo-engineering.com\\\/organisation-industrielle\\\/\",\"url\":\"https:\\\/\\\/fbo-engineering.com\\\/organisation-industrielle\\\/\",\"name\":\"Solutions d'organisation - Consultant d\u00e9colletage et usinage\",\"isPartOf\":{\"@id\":\"https:\\\/\\\/fbo-engineering.com\\\/#website\"},\"datePublished\":\"2020-03-03T09:25:12+00:00\",\"dateModified\":\"2020-11-10T18:10:57+00:00\",\"description\":\"Organiser une chaine de production ou d'usinage, en particulier dans le d\u00e9colletage est le point fort de FBO. De tr\u00e8s nombleux clients lui font confiance.\",\"breadcrumb\":{\"@id\":\"https:\\\/\\\/fbo-engineering.com\\\/organisation-industrielle\\\/#breadcrumb\"},\"inLanguage\":\"de\",\"potentialAction\":[{\"@type\":\"ReadAction\",\"target\":[\"https:\\\/\\\/fbo-engineering.com\\\/organisation-industrielle\\\/\"]}]},{\"@type\":\"BreadcrumbList\",\"@id\":\"https:\\\/\\\/fbo-engineering.com\\\/organisation-industrielle\\\/#breadcrumb\",\"itemListElement\":[{\"@type\":\"ListItem\",\"position\":1,\"name\":\"Accueil\",\"item\":\"https:\\\/\\\/fbo-engineering.com\\\/\"},{\"@type\":\"ListItem\",\"position\":2,\"name\":\"Solutions d&#8217;organisation\"}]},{\"@type\":\"WebSite\",\"@id\":\"https:\\\/\\\/fbo-engineering.com\\\/#website\",\"url\":\"https:\\\/\\\/fbo-engineering.com\\\/\",\"name\":\"FBO Engineering\",\"description\":\"Expert consultant en usinage et d\u00e9colletage\",\"potentialAction\":[{\"@type\":\"SearchAction\",\"target\":{\"@type\":\"EntryPoint\",\"urlTemplate\":\"https:\\\/\\\/fbo-engineering.com\\\/?s={search_term_string}\"},\"query-input\":{\"@type\":\"PropertyValueSpecification\",\"valueRequired\":true,\"valueName\":\"search_term_string\"}}],\"inLanguage\":\"de\"}]}<\/script>\n<!-- \/ Yoast SEO plugin. -->","yoast_head_json":{"title":"Organizational Solutions - Berater f\u00fcr Automatendrehen und -bearbeitung","description":"Die Organisation einer Produktions- oder Bearbeitungslinie, insbesondere in der Decolletage-Industrie, ist die St\u00e4rke von FBO. Viele Kunden vertrauen uns.","robots":{"index":"index","follow":"follow","max-snippet":"max-snippet:-1","max-image-preview":"max-image-preview:large","max-video-preview":"max-video-preview:-1"},"canonical":"https:\/\/fbo-engineering.com\/de\/organisation-industrielle\/","og_locale":"de_DE","og_type":"article","og_title":"Solutions d'organisation - Consultant d\u00e9colletage et usinage","og_description":"Organiser une chaine de production ou d'usinage, en particulier dans le d\u00e9colletage est le point fort de FBO. De tr\u00e8s nombleux clients lui font confiance.","og_url":"https:\/\/fbo-engineering.com\/de\/organisation-industrielle\/","og_site_name":"FBO Engineering","article_modified_time":"2020-11-10T18:10:57+00:00","twitter_card":"summary_large_image","schema":{"@context":"https:\/\/schema.org","@graph":[{"@type":"WebPage","@id":"https:\/\/fbo-engineering.com\/organisation-industrielle\/","url":"https:\/\/fbo-engineering.com\/organisation-industrielle\/","name":"Organizational Solutions - Berater f\u00fcr Automatendrehen und -bearbeitung","isPartOf":{"@id":"https:\/\/fbo-engineering.com\/#website"},"datePublished":"2020-03-03T09:25:12+00:00","dateModified":"2020-11-10T18:10:57+00:00","description":"Die Organisation einer Produktions- oder Bearbeitungslinie, insbesondere in der Decolletage-Industrie, ist die St\u00e4rke von FBO. Viele Kunden vertrauen uns.","breadcrumb":{"@id":"https:\/\/fbo-engineering.com\/organisation-industrielle\/#breadcrumb"},"inLanguage":"de","potentialAction":[{"@type":"ReadAction","target":["https:\/\/fbo-engineering.com\/organisation-industrielle\/"]}]},{"@type":"BreadcrumbList","@id":"https:\/\/fbo-engineering.com\/organisation-industrielle\/#breadcrumb","itemListElement":[{"@type":"ListItem","position":1,"name":"Accueil","item":"https:\/\/fbo-engineering.com\/"},{"@type":"ListItem","position":2,"name":"Solutions d&#8217;organisation"}]},{"@type":"WebSite","@id":"https:\/\/fbo-engineering.com\/#website","url":"https:\/\/fbo-engineering.com\/","name":"FBO Technik","description":"Fachberater f\u00fcr die Bearbeitung und das Stangendrehen","potentialAction":[{"@type":"SearchAction","target":{"@type":"EntryPoint","urlTemplate":"https:\/\/fbo-engineering.com\/?s={search_term_string}"},"query-input":{"@type":"PropertyValueSpecification","valueRequired":true,"valueName":"search_term_string"}}],"inLanguage":"de"}]}},"builder_content":"<h1>SOLUTIONS D'ORGANISATION\u00a0<\/h1> <p>Coordonnez votre production, acc\u00e9l\u00e9rez et freinez en restant optimis\u00e9. Rythmez votre production.<br \/>Des solutions simples, visuelles et finement adapt\u00e9es aux sp\u00e9cificit\u00e9s de chaque entreprise.\u00a0<br \/>FBO Engineering se d\u00e9place, \u00e9tudie, propose et aide \u00e0 la mise en place jusqu\u2019\u00e0 la r\u00e9ussite du projet d\u2019organisation.\u00a0<\/p> <h3><strong>Ordonnancement fin d\u2019atelier :\u00a0<br \/><\/strong><\/h3> <p>Une m\u00e9thode visuelle sans papier et sans GPAO permet de coordonner les postes de travail et les ateliers sur un seul planning susceptible de changer de mani\u00e8re permanente. \u00a0<\/p> <h3>Pilotage de production :\u00a0<\/h3> <p>Apr\u00e8s l\u2019organisation, le pilotage optimise la production en fonction des ressources, il permet d\u2019acc\u00e9l\u00e9rer ou de freiner la production en fonction du march\u00e9 tout en restant optimis\u00e9. Un indicateur de cr\u00e9ation de richesses journali\u00e8res donnera un retour rapide sur l\u2019efficacit\u00e9 du pilotage et des d\u00e9cisions prises dans l\u2019entreprise.<\/p> <h3>Mise en ligne de production produit :\u00a0<\/h3> <p>Vous voulez rythmer votre production, garantir vos d\u00e9lais: la ligne de production est tr\u00e8s efficace, sans papier, sans GPAO, et tr\u00e8s g\u00e9n\u00e9ratrice d'am\u00e9lioration continue.<\/p>","_links":{"self":[{"href":"https:\/\/fbo-engineering.com\/de\/wp-json\/wp\/v2\/pages\/38","targetHints":{"allow":["GET"]}}],"collection":[{"href":"https:\/\/fbo-engineering.com\/de\/wp-json\/wp\/v2\/pages"}],"about":[{"href":"https:\/\/fbo-engineering.com\/de\/wp-json\/wp\/v2\/types\/page"}],"author":[{"embeddable":true,"href":"https:\/\/fbo-engineering.com\/de\/wp-json\/wp\/v2\/users\/1"}],"replies":[{"embeddable":true,"href":"https:\/\/fbo-engineering.com\/de\/wp-json\/wp\/v2\/comments?post=38"}],"version-history":[{"count":5,"href":"https:\/\/fbo-engineering.com\/de\/wp-json\/wp\/v2\/pages\/38\/revisions"}],"predecessor-version":[{"id":784,"href":"https:\/\/fbo-engineering.com\/de\/wp-json\/wp\/v2\/pages\/38\/revisions\/784"}],"wp:attachment":[{"href":"https:\/\/fbo-engineering.com\/de\/wp-json\/wp\/v2\/media?parent=38"}],"curies":[{"name":"wp","href":"https:\/\/api.w.org\/{rel}","templated":true}]}}