{"id":52,"date":"2020-03-03T10:25:30","date_gmt":"2020-03-03T09:25:30","guid":{"rendered":"https:\/\/fbo-engineering.com\/DEV2020\/?page_id=52"},"modified":"2020-11-10T19:10:34","modified_gmt":"2020-11-10T18:10:34","slug":"audit-industriel","status":"publish","type":"page","link":"https:\/\/fbo-engineering.com\/de\/audit-industriel\/","title":{"rendered":"Pr\u00fcfung"},"content":{"rendered":"<!--themify_builder_content-->\n<div id=\"themify_builder_content-52\" data-postid=\"52\" class=\"themify_builder_content themify_builder_content-52 themify_builder tf_clear\">\n                    <div  data-css_id=\"zlm3148\" data-lazy=\"1\" class=\"module_row themify_builder_row fullwidth tb_zlm3148 tb_first tf_w\">\n                        <div class=\"row_inner col_align_top tb_col_count_1 tf_box tf_rel\">\n                        <div  data-lazy=\"1\" data-parallax-bg=\"desktop\" class=\"module_column tb-column col-full tb_88q7150 first\">\n                    <!-- module text -->\n<div  class=\"module module-text tb_hyma149  repeat\" data-lazy=\"1\">\n        <div  class=\"tb_text_wrap\">\n        <h1 class=\"wa_style_jag6wula1ds7k821vk\">AUDIT\u00a0<\/h1>\n<h3 class=\"wa_style_jag6qkhh1ds7jrzy28\">Finden Sie Bereiche, in denen Verbesserungen m\u00f6glich sind, und sprechen Sie diese an, um die Ergebnisse Ihres Unternehmens schnell zu verbessern.<br \/>FBO Engineering reist, recherchiert und pr\u00fcft und schl\u00e4gt dann L\u00f6sungen vor.<\/h3>\n<p class=\"wa_style_jag6qkhh1ds7jrzy28\">Die Suche nach Gewinn kann nachfrageorientiert sein, wenn es darum geht, bereits bekannte Probleme im Unternehmen zu l\u00f6sen, wie z.B.: Reduzierung der Durchlaufzeiten, Anti-Ausschuss, Anti-Sortierung und Retusche, Senkung der Selbstkostenpreise, Erh\u00f6hung der Wertsch\u00f6pfung, Zugang zu neuen M\u00e4rkten.<\/p>\n<p class=\"wa_style_jag6qkhh1ds7jrzy28\">Im Falle eines kostenlosen Audits wird FBO Engineering auch die Materialauswahl, die Fertigungsbereiche und die Prozesse untersuchen, um gro\u00dfe Produktivit\u00e4tsgewinne zu erkennen. Oft sind die Gewinne viel gr\u00f6\u00dfer als erwartet.\u00a0<\/p>\n<p class=\"wa_style_jag6qkhh1ds7jrzy28\">Der Pr\u00fcfungsbericht wird die Konsistenz des Gesch\u00e4ftsmodells kommentieren, die St\u00e4rken des Unternehmens hervorheben und M\u00f6glichkeiten f\u00fcr die industrielle und kommerzielle Entwicklung aufzeigen.<\/p>    <\/div>\n<\/div>\n<!-- \/module text -->        <\/div>\n                        <\/div>\n        <\/div>\n        <\/div>\n<!--\/themify_builder_content-->","protected":false},"excerpt":{"rendered":"<p>AUDIT\u00a0 Trouvez et traitez les points d\u2019am\u00e9lioration avec des effets rapides sur les r\u00e9sultats de votre entreprise.FBO Engineering se d\u00e9place, recherche et auditionne puis propose des solutions. La recherche de gain peut \u00eatre orient\u00e9e \u00e0 la demande dans le cas de r\u00e9solution de probl\u00e8mes d\u00e9j\u00e0 connus dans l\u2019entreprise comme par exemple : r\u00e9duction des temps [&hellip;]<\/p>\n","protected":false},"author":1,"featured_media":0,"parent":0,"menu_order":0,"comment_status":"closed","ping_status":"closed","template":"","meta":{"_monsterinsights_skip_tracking":false,"_monsterinsights_sitenote_active":false,"_monsterinsights_sitenote_note":"","_monsterinsights_sitenote_category":0,"footnotes":""},"class_list":["post-52","page","type-page","status-publish","hentry","has-post-title","has-post-date","has-post-category","has-post-tag","has-post-comment","has-post-author",""],"yoast_head":"<!-- This site is optimized with the Yoast SEO plugin v27.4 - https:\/\/yoast.com\/product\/yoast-seo-wordpress\/ -->\n<title>Audit industriel et logistique - FBO Engineering - Conseils usinage<\/title>\n<meta name=\"description\" content=\"Faites r\u00e9aliser un audit par FBO afin d&#039;optimiser votre process de fabrication, d&#039;usinage, de d\u00e9colletage tout en r\u00e9duisant les co\u00fbts \u00e0 la pi\u00e8ce.\" \/>\n<meta name=\"robots\" content=\"index, follow, max-snippet:-1, max-image-preview:large, max-video-preview:-1\" \/>\n<link rel=\"canonical\" href=\"https:\/\/fbo-engineering.com\/de\/audit-industriel\/\" \/>\n<meta property=\"og:locale\" content=\"de_DE\" \/>\n<meta property=\"og:type\" content=\"article\" \/>\n<meta property=\"og:title\" content=\"Audit industriel et logistique - FBO Engineering - Conseils usinage\" \/>\n<meta property=\"og:description\" content=\"Faites r\u00e9aliser un audit par FBO afin d&#039;optimiser votre process de fabrication, d&#039;usinage, de d\u00e9colletage tout en r\u00e9duisant les co\u00fbts \u00e0 la pi\u00e8ce.\" \/>\n<meta property=\"og:url\" content=\"https:\/\/fbo-engineering.com\/de\/audit-industriel\/\" \/>\n<meta property=\"og:site_name\" content=\"FBO Engineering\" \/>\n<meta property=\"article:modified_time\" content=\"2020-11-10T18:10:34+00:00\" \/>\n<meta name=\"twitter:card\" content=\"summary_large_image\" \/>\n<script type=\"application\/ld+json\" class=\"yoast-schema-graph\">{\"@context\":\"https:\\\/\\\/schema.org\",\"@graph\":[{\"@type\":\"WebPage\",\"@id\":\"https:\\\/\\\/fbo-engineering.com\\\/audit-industriel\\\/\",\"url\":\"https:\\\/\\\/fbo-engineering.com\\\/audit-industriel\\\/\",\"name\":\"Audit industriel et logistique - FBO Engineering - Conseils usinage\",\"isPartOf\":{\"@id\":\"https:\\\/\\\/fbo-engineering.com\\\/#website\"},\"datePublished\":\"2020-03-03T09:25:30+00:00\",\"dateModified\":\"2020-11-10T18:10:34+00:00\",\"description\":\"Faites r\u00e9aliser un audit par FBO afin d'optimiser votre process de fabrication, d'usinage, de d\u00e9colletage tout en r\u00e9duisant les co\u00fbts \u00e0 la pi\u00e8ce.\",\"breadcrumb\":{\"@id\":\"https:\\\/\\\/fbo-engineering.com\\\/audit-industriel\\\/#breadcrumb\"},\"inLanguage\":\"de\",\"potentialAction\":[{\"@type\":\"ReadAction\",\"target\":[\"https:\\\/\\\/fbo-engineering.com\\\/audit-industriel\\\/\"]}]},{\"@type\":\"BreadcrumbList\",\"@id\":\"https:\\\/\\\/fbo-engineering.com\\\/audit-industriel\\\/#breadcrumb\",\"itemListElement\":[{\"@type\":\"ListItem\",\"position\":1,\"name\":\"Accueil\",\"item\":\"https:\\\/\\\/fbo-engineering.com\\\/\"},{\"@type\":\"ListItem\",\"position\":2,\"name\":\"Audit\"}]},{\"@type\":\"WebSite\",\"@id\":\"https:\\\/\\\/fbo-engineering.com\\\/#website\",\"url\":\"https:\\\/\\\/fbo-engineering.com\\\/\",\"name\":\"FBO Engineering\",\"description\":\"Expert consultant en usinage et d\u00e9colletage\",\"potentialAction\":[{\"@type\":\"SearchAction\",\"target\":{\"@type\":\"EntryPoint\",\"urlTemplate\":\"https:\\\/\\\/fbo-engineering.com\\\/?s={search_term_string}\"},\"query-input\":{\"@type\":\"PropertyValueSpecification\",\"valueRequired\":true,\"valueName\":\"search_term_string\"}}],\"inLanguage\":\"de\"}]}<\/script>\n<!-- \/ Yoast SEO plugin. -->","yoast_head_json":{"title":"Industrielles und logistisches Audit - FBO Engineering - Bearbeitungsberatung","description":"Lassen Sie FBO ein Audit durchf\u00fchren, um Ihre Fertigungs-, Bearbeitungs- und Drehprozesse zu optimieren und gleichzeitig Ihre Kosten pro St\u00fcck zu senken.","robots":{"index":"index","follow":"follow","max-snippet":"max-snippet:-1","max-image-preview":"max-image-preview:large","max-video-preview":"max-video-preview:-1"},"canonical":"https:\/\/fbo-engineering.com\/de\/audit-industriel\/","og_locale":"de_DE","og_type":"article","og_title":"Audit industriel et logistique - FBO Engineering - Conseils usinage","og_description":"Faites r\u00e9aliser un audit par FBO afin d'optimiser votre process de fabrication, d'usinage, de d\u00e9colletage tout en r\u00e9duisant les co\u00fbts \u00e0 la pi\u00e8ce.","og_url":"https:\/\/fbo-engineering.com\/de\/audit-industriel\/","og_site_name":"FBO Engineering","article_modified_time":"2020-11-10T18:10:34+00:00","twitter_card":"summary_large_image","schema":{"@context":"https:\/\/schema.org","@graph":[{"@type":"WebPage","@id":"https:\/\/fbo-engineering.com\/audit-industriel\/","url":"https:\/\/fbo-engineering.com\/audit-industriel\/","name":"Industrielles und logistisches Audit - FBO Engineering - Bearbeitungsberatung","isPartOf":{"@id":"https:\/\/fbo-engineering.com\/#website"},"datePublished":"2020-03-03T09:25:30+00:00","dateModified":"2020-11-10T18:10:34+00:00","description":"Lassen Sie FBO ein Audit durchf\u00fchren, um Ihre Fertigungs-, Bearbeitungs- und Drehprozesse zu optimieren und gleichzeitig Ihre Kosten pro St\u00fcck zu senken.","breadcrumb":{"@id":"https:\/\/fbo-engineering.com\/audit-industriel\/#breadcrumb"},"inLanguage":"de","potentialAction":[{"@type":"ReadAction","target":["https:\/\/fbo-engineering.com\/audit-industriel\/"]}]},{"@type":"BreadcrumbList","@id":"https:\/\/fbo-engineering.com\/audit-industriel\/#breadcrumb","itemListElement":[{"@type":"ListItem","position":1,"name":"Accueil","item":"https:\/\/fbo-engineering.com\/"},{"@type":"ListItem","position":2,"name":"Audit"}]},{"@type":"WebSite","@id":"https:\/\/fbo-engineering.com\/#website","url":"https:\/\/fbo-engineering.com\/","name":"FBO Technik","description":"Fachberater f\u00fcr die Bearbeitung und das Stangendrehen","potentialAction":[{"@type":"SearchAction","target":{"@type":"EntryPoint","urlTemplate":"https:\/\/fbo-engineering.com\/?s={search_term_string}"},"query-input":{"@type":"PropertyValueSpecification","valueRequired":true,"valueName":"search_term_string"}}],"inLanguage":"de"}]}},"builder_content":"<h1>AUDIT\u00a0<\/h1> <h3>Trouvez et traitez les points d\u2019am\u00e9lioration avec des effets rapides sur les r\u00e9sultats de votre entreprise.<br \/>FBO Engineering se d\u00e9place, recherche et auditionne puis propose des solutions.<\/h3> <p>La recherche de gain peut \u00eatre orient\u00e9e \u00e0 la demande dans le cas de r\u00e9solution de probl\u00e8mes d\u00e9j\u00e0 connus dans l\u2019entreprise comme par exemple : r\u00e9duction des temps de passage, lutte anti rebuts, lutte anti tries et retouches, diminution des prix de revient, augmentation de la valeur ajout\u00e9e, acc\u00e9s \u00e0 des nouveaux march\u00e9s.<\/p> <p>Dans le cas d\u2019audit libre FBO Engineering \u00e9tudiera aussi les choix mati\u00e8re, les gammes de fabrication et les proc\u00e9d\u00e9s dans le but de d\u00e9tecter des gros gains de productivit\u00e9. Souvent les gains sont bien plus importants que pr\u00e9vu.\u00a0<\/p> <p>Le rapport d\u2019audit commentera la coh\u00e9rence du business model et s\u2019attachera \u00e0 souligner les forces de l\u2019entreprise et identifiera les opportunit\u00e9s de d\u00e9veloppement industriel et commercial.<\/p>","_links":{"self":[{"href":"https:\/\/fbo-engineering.com\/de\/wp-json\/wp\/v2\/pages\/52","targetHints":{"allow":["GET"]}}],"collection":[{"href":"https:\/\/fbo-engineering.com\/de\/wp-json\/wp\/v2\/pages"}],"about":[{"href":"https:\/\/fbo-engineering.com\/de\/wp-json\/wp\/v2\/types\/page"}],"author":[{"embeddable":true,"href":"https:\/\/fbo-engineering.com\/de\/wp-json\/wp\/v2\/users\/1"}],"replies":[{"embeddable":true,"href":"https:\/\/fbo-engineering.com\/de\/wp-json\/wp\/v2\/comments?post=52"}],"version-history":[{"count":5,"href":"https:\/\/fbo-engineering.com\/de\/wp-json\/wp\/v2\/pages\/52\/revisions"}],"predecessor-version":[{"id":635,"href":"https:\/\/fbo-engineering.com\/de\/wp-json\/wp\/v2\/pages\/52\/revisions\/635"}],"wp:attachment":[{"href":"https:\/\/fbo-engineering.com\/de\/wp-json\/wp\/v2\/media?parent=52"}],"curies":[{"name":"wp","href":"https:\/\/api.w.org\/{rel}","templated":true}]}}