{"id":60,"date":"2020-03-03T10:25:45","date_gmt":"2020-03-03T09:25:45","guid":{"rendered":"https:\/\/fbo-engineering.com\/DEV2020\/?page_id=60"},"modified":"2020-11-10T19:10:43","modified_gmt":"2020-11-10T18:10:43","slug":"integration-verticale-usinage","status":"publish","type":"page","link":"https:\/\/fbo-engineering.com\/de\/integration-verticale-usinage\/","title":{"rendered":"Erh\u00f6hung des Mehrwerts"},"content":{"rendered":"<!--themify_builder_content-->\n<div id=\"themify_builder_content-60\" data-postid=\"60\" class=\"themify_builder_content themify_builder_content-60 themify_builder tf_clear\">\n                    <div  data-anchor=\"MANUFACTURE\" data-css_id=\"nz7b223\" data-lazy=\"1\" class=\"module_row themify_builder_row fullwidth tb_has_section tb_section-MANUFACTURE tb_nz7b223 tb_first tf_w\">\n            <span  class=\"builder_row_cover tf_abs\" data-lazy=\"1\"><\/span>            <div class=\"row_inner gutter-narrow col_align_top tb_col_count_2 tf_box tf_rel\">\n                        <div  data-lazy=\"1\" class=\"module_column tb-column col4-2 tb_exhm223 first\">\n                    <!-- module text -->\n<div  class=\"module module-text tb_eb1y490\" data-lazy=\"1\">\n        <div  class=\"tb_text_wrap\">\n        <h1 class=\"wa_style_jag6wula1ds7k821vk\">ERH\u00d6HUNG DER WERTSCH\u00d6PFUNG<\/h1>\n<h2 class=\"wa_style_jag6wula1ds7k821vk\">VERTIKALE INTEGRATION<\/h2>\n<h3 class=\"wa_style_jag6qkhh1ds7jrzy28\">FBO Engineering hilft Ihnen, Ihren Mehrwert zu erh\u00f6hen, Ihre Termine und die Qualit\u00e4t besser zu kontrollieren.<br \/>FBO Engineering begleitet das Unternehmen, soweit erforderlich, bei der erfolgreichen Integration neuer Prozesse.<\/h3>\n<p class=\"wa_style_jag6qkhh1ds7jrzy28 translation-block\">Je nach Bedarf hilft FBO bei der Auswahl von Technologien, Ger\u00e4ten und Verbrauchsmaterialien und stellt die Verfahren f\u00fcr die Einrichtung und \u00dcberwachung der Produktion, die Schulung des Personals und die Inbetriebnahme der Produktion im Feld zur Verf\u00fcgung. Die Prozesskontrolle ist das Ziel des Technologietransfers von FBO zum Kunden.<\/p>\n<h3 class=\"wa_style_jag6qkhh1ds7jrzy28\">Uhrmacherei<\/h3>\n<p class=\"wa_style_jag6qkhh1ds7jrzy28\">W\u00e4rmebehandlungen<br \/>Entgraten, Schleifen, Kugelstrahlen, Tribo-Finishing<br \/>S\u00e4ure-Bearbeitung<br \/>Lavage<br \/>Trimmen wieder aufnehmen<br \/>Wiederaufnahme des Fahrens<br \/>Polieren von Ende\/Fl\u00fcgeln\/Fl\u00e4che\u00a0<br \/>Flach poliert<br \/>Umreifung<br \/>Ausbreitung<br \/>Fasen, Beschneiden, Linienzeichnen<br \/>Genfer K\u00fcste<br \/>Ziselieren<br \/>Diamantage<br \/>Galvanoplastik<\/p>\n<h3 class=\"wa_style_jag6qkhh1ds7jrzy28\">Medizinisch\/Flugzeug\/Automotive<\/h3>\n<p class=\"wa_style_jag6qkhh1ds7jrzy28\">Auswahl des Rohmaterials*<br \/>Tieflochbohren<br \/>W\u00e4rmebehandlungen*<br \/>Entgraten, Schleifen, Kugelstrahlen, Tribo-Finishing<br \/>S\u00e4ure-Bearbeitung<br \/>Lavage<br \/>Centerless-Korrektur und Tauchen<br \/>Rollen oder Zur\u00fcckrollen auf der Maschine<br \/>TIN*-Beschichtung<br \/>Korrosionspr\u00fcfung*<br \/>Passivierung<br \/>Studien \u00fcber Normen*<\/p>\n<p class=\"wa_style_jag6qkhh1ds7jrzy28\">*Dienstleistungen, die von Alloys durchgef\u00fchrt werden, die die SARL als Partner des Kompetenzzentrums konsultieren.<\/p>    <\/div>\n<\/div>\n<!-- \/module text -->        <\/div>\n                    <div  data-lazy=\"1\" class=\"module_column tb-column col4-2 tb_b81z182 last\">\n                    <!-- module image -->\n<div  class=\"module module-image tb_yauo489 image-top   auto_fullwidth tf_mw\" data-lazy=\"1\">\n        <div class=\"image-wrap tf_rel tf_mw\">\n            <img loading=\"lazy\" decoding=\"async\" width=\"748\" height=\"1160\" src=\"https:\/\/fbo-engineering.com\/wp-content\/uploads\/2020\/03\/metiers.png\" class=\"wp-post-image wp-image-118\" title=\"Berufe\" alt=\"Berufe\" srcset=\"https:\/\/fbo-engineering.com\/wp-content\/uploads\/2020\/03\/metiers.png 748w, https:\/\/fbo-engineering.com\/wp-content\/uploads\/2020\/03\/metiers-193x300.png 193w, https:\/\/fbo-engineering.com\/wp-content\/uploads\/2020\/03\/metiers-660x1024.png 660w\" sizes=\"auto, (max-width: 748px) 100vw, 748px\" \/>    \n        <\/div>\n    <!-- \/image-wrap -->\n    \n        <\/div>\n<!-- \/module image -->        <\/div>\n                        <\/div>\n        <\/div>\n        <\/div>\n<!--\/themify_builder_content-->","protected":false},"excerpt":{"rendered":"<p>AUGMENTATION VALEUR AJOUTEE INTEGRATION VERTICALE FBO Engineering vous aidera \u00e0 augmenter votre valeur ajout\u00e9e, maitriser mieux vos d\u00e9lais et la qualit\u00e9.FBO Engineering accompagne l\u2019entreprise aussi loin que n\u00e9cessaire dans la r\u00e9ussite d\u2019int\u00e9gration de nouveaux proc\u00e9d\u00e9s. Selon le besoin FBO vous aide \u00e0 choisir les technologies, les \u00e9quipements, les consommables, et apporte les proc\u00e9dures de r\u00e9glages [&hellip;]<\/p>\n","protected":false},"author":1,"featured_media":0,"parent":0,"menu_order":0,"comment_status":"closed","ping_status":"closed","template":"","meta":{"_monsterinsights_skip_tracking":false,"_monsterinsights_sitenote_active":false,"_monsterinsights_sitenote_note":"","_monsterinsights_sitenote_category":0,"footnotes":""},"class_list":["post-60","page","type-page","status-publish","hentry","has-post-title","has-post-date","has-post-category","has-post-tag","has-post-comment","has-post-author",""],"yoast_head":"<!-- This site is optimized with the Yoast SEO plugin v27.5 - https:\/\/yoast.com\/product\/yoast-seo-wordpress\/ -->\n<title>Usinage de pr\u00e9cision - Augmentation productivit\u00e9 dans le d\u00e9colletage.<\/title>\n<meta name=\"description\" content=\"FBO Engineering, consultant expert en usinage et productique dans les domaines de l&#039;horlogerie, du m\u00e9dical, de l&#039;a\u00e9ronautique et de l&#039;automobile.\" \/>\n<meta name=\"robots\" content=\"index, follow, max-snippet:-1, max-image-preview:large, max-video-preview:-1\" \/>\n<link rel=\"canonical\" href=\"https:\/\/fbo-engineering.com\/de\/integration-verticale-usinage\/\" \/>\n<meta property=\"og:locale\" content=\"de_DE\" \/>\n<meta property=\"og:type\" content=\"article\" \/>\n<meta property=\"og:title\" content=\"Usinage de pr\u00e9cision - Augmentation productivit\u00e9 dans le d\u00e9colletage.\" \/>\n<meta property=\"og:description\" content=\"FBO Engineering, consultant expert en usinage et productique dans les domaines de l&#039;horlogerie, du m\u00e9dical, de l&#039;a\u00e9ronautique et de l&#039;automobile.\" \/>\n<meta property=\"og:url\" content=\"https:\/\/fbo-engineering.com\/de\/integration-verticale-usinage\/\" \/>\n<meta property=\"og:site_name\" content=\"FBO Engineering\" \/>\n<meta property=\"article:modified_time\" content=\"2020-11-10T18:10:43+00:00\" \/>\n<meta name=\"twitter:card\" content=\"summary_large_image\" \/>\n<script type=\"application\/ld+json\" class=\"yoast-schema-graph\">{\"@context\":\"https:\\\/\\\/schema.org\",\"@graph\":[{\"@type\":\"WebPage\",\"@id\":\"https:\\\/\\\/fbo-engineering.com\\\/integration-verticale-usinage\\\/\",\"url\":\"https:\\\/\\\/fbo-engineering.com\\\/integration-verticale-usinage\\\/\",\"name\":\"Usinage de pr\u00e9cision - Augmentation productivit\u00e9 dans le d\u00e9colletage.\",\"isPartOf\":{\"@id\":\"https:\\\/\\\/fbo-engineering.com\\\/#website\"},\"datePublished\":\"2020-03-03T09:25:45+00:00\",\"dateModified\":\"2020-11-10T18:10:43+00:00\",\"description\":\"FBO Engineering, consultant expert en usinage et productique dans les domaines de l'horlogerie, du m\u00e9dical, de l'a\u00e9ronautique et de l'automobile.\",\"breadcrumb\":{\"@id\":\"https:\\\/\\\/fbo-engineering.com\\\/integration-verticale-usinage\\\/#breadcrumb\"},\"inLanguage\":\"de\",\"potentialAction\":[{\"@type\":\"ReadAction\",\"target\":[\"https:\\\/\\\/fbo-engineering.com\\\/integration-verticale-usinage\\\/\"]}]},{\"@type\":\"BreadcrumbList\",\"@id\":\"https:\\\/\\\/fbo-engineering.com\\\/integration-verticale-usinage\\\/#breadcrumb\",\"itemListElement\":[{\"@type\":\"ListItem\",\"position\":1,\"name\":\"Accueil\",\"item\":\"https:\\\/\\\/fbo-engineering.com\\\/\"},{\"@type\":\"ListItem\",\"position\":2,\"name\":\"Augmentation valeur ajout\u00e9e\"}]},{\"@type\":\"WebSite\",\"@id\":\"https:\\\/\\\/fbo-engineering.com\\\/#website\",\"url\":\"https:\\\/\\\/fbo-engineering.com\\\/\",\"name\":\"FBO Engineering\",\"description\":\"Expert consultant en usinage et d\u00e9colletage\",\"potentialAction\":[{\"@type\":\"SearchAction\",\"target\":{\"@type\":\"EntryPoint\",\"urlTemplate\":\"https:\\\/\\\/fbo-engineering.com\\\/?s={search_term_string}\"},\"query-input\":{\"@type\":\"PropertyValueSpecification\",\"valueRequired\":true,\"valueName\":\"search_term_string\"}}],\"inLanguage\":\"de\"}]}<\/script>\n<!-- \/ Yoast SEO plugin. -->","yoast_head_json":{"title":"Pr\u00e4zisionsbearbeitung - Erh\u00f6hte Produktivit\u00e4t beim Automatendrehen.","description":"FBO Engineering, Fachberater f\u00fcr Bearbeitungs- und Fertigungstechnik in den Bereichen Uhrenindustrie, Medizin, Luftfahrt und Automotive.","robots":{"index":"index","follow":"follow","max-snippet":"max-snippet:-1","max-image-preview":"max-image-preview:large","max-video-preview":"max-video-preview:-1"},"canonical":"https:\/\/fbo-engineering.com\/de\/integration-verticale-usinage\/","og_locale":"de_DE","og_type":"article","og_title":"Usinage de pr\u00e9cision - Augmentation productivit\u00e9 dans le d\u00e9colletage.","og_description":"FBO Engineering, consultant expert en usinage et productique dans les domaines de l'horlogerie, du m\u00e9dical, de l'a\u00e9ronautique et de l'automobile.","og_url":"https:\/\/fbo-engineering.com\/de\/integration-verticale-usinage\/","og_site_name":"FBO Engineering","article_modified_time":"2020-11-10T18:10:43+00:00","twitter_card":"summary_large_image","schema":{"@context":"https:\/\/schema.org","@graph":[{"@type":"WebPage","@id":"https:\/\/fbo-engineering.com\/integration-verticale-usinage\/","url":"https:\/\/fbo-engineering.com\/integration-verticale-usinage\/","name":"Pr\u00e4zisionsbearbeitung - Erh\u00f6hte Produktivit\u00e4t beim Automatendrehen.","isPartOf":{"@id":"https:\/\/fbo-engineering.com\/#website"},"datePublished":"2020-03-03T09:25:45+00:00","dateModified":"2020-11-10T18:10:43+00:00","description":"FBO Engineering, Fachberater f\u00fcr Bearbeitungs- und Fertigungstechnik in den Bereichen Uhrenindustrie, Medizin, Luftfahrt und Automotive.","breadcrumb":{"@id":"https:\/\/fbo-engineering.com\/integration-verticale-usinage\/#breadcrumb"},"inLanguage":"de","potentialAction":[{"@type":"ReadAction","target":["https:\/\/fbo-engineering.com\/integration-verticale-usinage\/"]}]},{"@type":"BreadcrumbList","@id":"https:\/\/fbo-engineering.com\/integration-verticale-usinage\/#breadcrumb","itemListElement":[{"@type":"ListItem","position":1,"name":"Accueil","item":"https:\/\/fbo-engineering.com\/"},{"@type":"ListItem","position":2,"name":"Augmentation valeur ajout\u00e9e"}]},{"@type":"WebSite","@id":"https:\/\/fbo-engineering.com\/#website","url":"https:\/\/fbo-engineering.com\/","name":"FBO Technik","description":"Fachberater f\u00fcr die Bearbeitung und das Stangendrehen","potentialAction":[{"@type":"SearchAction","target":{"@type":"EntryPoint","urlTemplate":"https:\/\/fbo-engineering.com\/?s={search_term_string}"},"query-input":{"@type":"PropertyValueSpecification","valueRequired":true,"valueName":"search_term_string"}}],"inLanguage":"de"}]}},"builder_content":"<h1>AUGMENTATION VALEUR AJOUTEE<\/h1> <h2>INTEGRATION VERTICALE<\/h2> <h3>FBO Engineering vous aidera \u00e0 augmenter votre valeur ajout\u00e9e, maitriser mieux vos d\u00e9lais et la qualit\u00e9.<br \/>FBO Engineering accompagne l\u2019entreprise aussi loin que n\u00e9cessaire dans la r\u00e9ussite d\u2019int\u00e9gration de nouveaux proc\u00e9d\u00e9s.<\/h3> <p>Selon le besoin FBO vous aide \u00e0 choisir les technologies, les \u00e9quipements, les consommables, et apporte les proc\u00e9dures de r\u00e9glages et de suivi production, la formation des personnels et la mise en route de la production sur le terrain.\u00a0<br \/>La ma\u00eetrise des proc\u00e9d\u00e9s est le but du transfert de technologie de FBO au client.<\/p> <h3>Horlogerie<\/h3> <p>Traitements thermiques<br \/>Ebavurage, sablage, shot pinning, tribofinition<br \/>Usinage \u00e0 l\u2019acide<br \/>Lavage<br \/>Reprise taillage<br \/>Reprise roulage<br \/>Polissage bout\/ailes\/face\u00a0<br \/>Poli plat<br \/>Cerclage<br \/>Colima\u00e7onnage<br \/>Anglage, d\u00e9tourage, tirage de traits<br \/>Cote de Gen\u00e8ve<br \/>Ciselage<br \/>Diamantage<br \/>Galvanoplastie<\/p> <h3>M\u00e9dical\/A\u00e9ro\/Automobile<\/h3> <p>S\u00e9lection mati\u00e8re premi\u00e8re*<br \/>Per\u00e7age profond<br \/>Traitements thermiques*<br \/>Ebavurage, sablage, shot pinning, tribofinition<br \/>Usinage \u00e0 l\u2019acide<br \/>Lavage<br \/>Reprise rectificaion centerless et plong\u00e9e<br \/>Reprise roulage ou roulage sur machine<br \/>Rev\u00eatement TIN*<br \/>Test corrosion*<br \/>Passivation<br \/>Etudes des normes*<\/p> <p>*prestations r\u00e9alis\u00e9es par Alloys consulting SARL partenaire du pole de comp\u00e9tence.<\/p>\n<img src=\"https:\/\/fbo-engineering.com\/wp-content\/uploads\/2020\/03\/metiers.png\" title=\"metiers\" alt=\"metiers\" srcset=\"https:\/\/fbo-engineering.com\/wp-content\/uploads\/2020\/03\/metiers.png 748w, https:\/\/fbo-engineering.com\/wp-content\/uploads\/2020\/03\/metiers-193x300.png 193w, https:\/\/fbo-engineering.com\/wp-content\/uploads\/2020\/03\/metiers-660x1024.png 660w\" sizes=\"(max-width: 748px) 100vw, 748px\" \/>","_links":{"self":[{"href":"https:\/\/fbo-engineering.com\/de\/wp-json\/wp\/v2\/pages\/60","targetHints":{"allow":["GET"]}}],"collection":[{"href":"https:\/\/fbo-engineering.com\/de\/wp-json\/wp\/v2\/pages"}],"about":[{"href":"https:\/\/fbo-engineering.com\/de\/wp-json\/wp\/v2\/types\/page"}],"author":[{"embeddable":true,"href":"https:\/\/fbo-engineering.com\/de\/wp-json\/wp\/v2\/users\/1"}],"replies":[{"embeddable":true,"href":"https:\/\/fbo-engineering.com\/de\/wp-json\/wp\/v2\/comments?post=60"}],"version-history":[{"count":5,"href":"https:\/\/fbo-engineering.com\/de\/wp-json\/wp\/v2\/pages\/60\/revisions"}],"predecessor-version":[{"id":647,"href":"https:\/\/fbo-engineering.com\/de\/wp-json\/wp\/v2\/pages\/60\/revisions\/647"}],"wp:attachment":[{"href":"https:\/\/fbo-engineering.com\/de\/wp-json\/wp\/v2\/media?parent=60"}],"curies":[{"name":"wp","href":"https:\/\/api.w.org\/{rel}","templated":true}]}}