{"id":23,"date":"2020-03-03T10:24:52","date_gmt":"2020-03-03T09:24:52","guid":{"rendered":"https:\/\/fbo-engineering.com\/DEV2020\/?page_id=23"},"modified":"2020-11-10T19:10:57","modified_gmt":"2020-11-10T18:10:57","slug":"formations-usinage","status":"publish","type":"page","link":"https:\/\/fbo-engineering.com\/en\/formations-usinage\/","title":{"rendered":"Trainings"},"content":{"rendered":"<!--themify_builder_content-->\n<div id=\"themify_builder_content-23\" data-postid=\"23\" class=\"themify_builder_content themify_builder_content-23 themify_builder tf_clear\">\n                    <div  data-css_id=\"qugz377\" data-lazy=\"1\" class=\"module_row themify_builder_row fullwidth tb_qugz377 tb_first tf_w\">\n                        <div class=\"row_inner col_align_top tb_col_count_1 tf_box tf_rel\">\n                        <div  data-lazy=\"1\" class=\"module_column tb-column col-full tb_f7ox377 first\">\n                    <!-- module text -->\n<div  class=\"module module-text tb_92z8770\" data-lazy=\"1\">\n        <div  class=\"tb_text_wrap\">\n        <p style=\"text-align: center;\">FOR BEST RESULTS AT THE FIRST SETUP, FASTER MACHINING, IMPROVED TOOL LONGEVITY, BURR-FREE PRODUCTION WITHIN SET QUALITY STANDARDS<\/p>\n<div id=\"wa-container-wrapper-jcbt13qz1dsj4r6gw0\">\n<div id=\"wa-container-jcbt13qz1dsj4r6gw0\" class=\"container-fluid\">\n<div id=\"wa-row-jb7phet81du0z5atfk\" class=\"row row-align\">\n<div class=\"col-xs-12 col-sm-7 col-md-7 col-lg-8\">\n<div id=\"wa-comptext-padwrapper-jb7phet81du0y7v4lc\" class=\"wa-comptext-padwrapper\">\n<p id=\"wa-comptext-jb7phet81du0y7v4lc\" class=\"wa-comptext clearfix\" style=\"text-align: center;\">\u00a0<\/p>\n<\/div>\n<\/div>\n<\/div>\n<\/div>\n<\/div>    <\/div>\n<\/div>\n<!-- \/module text -->        <\/div>\n                        <\/div>\n        <\/div>\n                        <div  data-css_id=\"tuwe593\" data-lazy=\"1\" class=\"module_row themify_builder_row fullwidth tb_tuwe593 tf_w\">\n                        <div class=\"row_inner gutter-narrow col_align_top tb_col_count_2 tf_box tf_rel\">\n                        <div  data-lazy=\"1\" class=\"module_column tb-column col4-2 tb_d2kv594 first\">\n                    <!-- module text -->\n<div  class=\"module module-text tb_95ev3\" data-lazy=\"1\">\n        <div  class=\"tb_text_wrap\">\n        <h1>TRAINING N\u00b01: BURR-FREE MACHINING<\/h1>\n<p class=\"wa_style_jag6qkhh1ds7jrzy28\">Our course \u201cBurr-free machining\u201d is designed for your operators in charge of programming and setting up lathes and milling machines.<br \/>The aim of training is really to machine without burrs in almost all cases, even in stainless steel.<br \/>The \"Burr-Free Machining\" training course is aimed at set-up operators\/programmers, bar turners and milling machine operators.<\/p>\n<h3 class=\"wa_style_jag6qkhh1ds7jrzy28\">TOPICS:<\/h3>\n<p class=\"wa_style_jag6qkhh1ds7jrzy28\">Firstly, a reminder of the techniques for machining extreme parts, and then, for each type of machining, the study of the creation of burrs and how to avoid them with solutions in the form of sketches.\u00a0<\/p>\n<p class=\"wa_style_jag6qkhh1ds7jrzy28\">During the day, we will focus on real-life cases using burr-generating situations on the customer\u2019s workpieces.\u00a0<\/p>\n<h3 class=\"wa_style_jag6qkhh1ds7jrzy28\">DURATION : 8H<\/h3>\n<p class=\"wa_style_jag6qkhh1ds7jrzy28\">Maximum number of attendees: 4\u00a0<br \/>Venue: meeting room at the client's site, a whiteboard is required, a projector would be a plus but is not essential.<\/p>    <\/div>\n<\/div>\n<!-- \/module text -->        <\/div>\n                    <div  data-lazy=\"1\" class=\"module_column tb-column col4-2 tb_87uc670 last\">\n                    <!-- module image -->\n<div  class=\"module module-image tb_xbp9643 image-center   tf_mw\" data-lazy=\"1\">\n        <div class=\"image-wrap tf_rel tf_mw\">\n            <img loading=\"lazy\" decoding=\"async\" src=\"https:\/\/fbo-engineering.com\/wp-content\/uploads\/2020\/03\/bavures-440x293.jpg\" width=\"440\" height=\"293\" class=\"wp-post-image wp-image-11\" title=\"burr\" alt=\"burr\" srcset=\"https:\/\/fbo-engineering.com\/wp-content\/uploads\/2020\/03\/bavures-440x293.jpg 440w, https:\/\/fbo-engineering.com\/wp-content\/uploads\/2020\/03\/bavures-300x200.jpg 300w, https:\/\/fbo-engineering.com\/wp-content\/uploads\/2020\/03\/bavures.jpg 500w\" sizes=\"auto, (max-width: 440px) 100vw, 440px\" \/>    \n        <\/div>\n    <!-- \/image-wrap -->\n    \n        <\/div>\n<!-- \/module image --><!-- module image -->\n<div  class=\"module module-image tb_kipu598 image-center   tf_mw\" data-lazy=\"1\">\n        <div class=\"image-wrap tf_rel tf_mw\">\n            <img loading=\"lazy\" decoding=\"async\" src=\"https:\/\/fbo-engineering.com\/wp-content\/uploads\/2020\/03\/tournage-440x293.jpg\" width=\"440\" height=\"293\" class=\"wp-post-image wp-image-123\" title=\"filming\" alt=\"filming\" srcset=\"https:\/\/fbo-engineering.com\/wp-content\/uploads\/2020\/03\/tournage-440x293.jpg 440w, https:\/\/fbo-engineering.com\/wp-content\/uploads\/2020\/03\/tournage-300x200.jpg 300w, https:\/\/fbo-engineering.com\/wp-content\/uploads\/2020\/03\/tournage-768x511.jpg 768w, https:\/\/fbo-engineering.com\/wp-content\/uploads\/2020\/03\/tournage.jpg 1000w\" sizes=\"auto, (max-width: 440px) 100vw, 440px\" \/>    \n        <\/div>\n    <!-- \/image-wrap -->\n    \n        <\/div>\n<!-- \/module image --><!-- module image -->\n<div  class=\"module module-image tb_4xec218 image-center   tf_mw\" data-lazy=\"1\">\n        <div class=\"image-wrap tf_rel tf_mw\">\n            <img loading=\"lazy\" decoding=\"async\" src=\"https:\/\/fbo-engineering.com\/wp-content\/uploads\/2020\/03\/percage-transversal-1-440x293.png\" width=\"440\" height=\"293\" class=\"wp-post-image wp-image-119\" title=\"cross-drilling-1\" alt=\"cross-drilling-1\" srcset=\"https:\/\/fbo-engineering.com\/wp-content\/uploads\/2020\/03\/percage-transversal-1-440x293.png 440w, https:\/\/fbo-engineering.com\/wp-content\/uploads\/2020\/03\/percage-transversal-1-300x200.png 300w, https:\/\/fbo-engineering.com\/wp-content\/uploads\/2020\/03\/percage-transversal-1-768x511.png 768w, https:\/\/fbo-engineering.com\/wp-content\/uploads\/2020\/03\/percage-transversal-1.png 1000w\" sizes=\"auto, (max-width: 440px) 100vw, 440px\" \/>    \n        <\/div>\n    <!-- \/image-wrap -->\n    \n        <\/div>\n<!-- \/module image -->        <\/div>\n                        <\/div>\n        <\/div>\n                        <div  data-css_id=\"14yz518\" data-lazy=\"1\" class=\"module_row themify_builder_row fullwidth tb_14yz518 tf_w\">\n            <span  class=\"builder_row_cover tf_abs\" data-lazy=\"1\"><\/span>            <div class=\"row_inner col_align_top tb_col_count_1 tf_box tf_rel\">\n                        <div  data-lazy=\"1\" class=\"module_column tb-column col-full tb_4pgc519 first\">\n                            <\/div>\n                        <\/div>\n        <\/div>\n                        <div  data-css_id=\"oipg209\" data-lazy=\"1\" class=\"module_row themify_builder_row fullwidth tb_oipg209 tf_w\">\n                        <div class=\"row_inner col_align_top tb_col_count_1 tf_box tf_rel\">\n                        <div  data-lazy=\"1\" class=\"module_column tb-column col-full tb_ttvh210 first\">\n                    <!-- module text -->\n<div  class=\"module module-text tb_pjli210\" data-lazy=\"1\">\n        <div  class=\"tb_text_wrap\">\n        <h1>TRAINING N\u00b02 : STAINLESS STEEL MACHINING 24\/24<\/h1>\n<p class=\"wa_style_jag6qkhh1ds7jrzy28\">This training course explains and provides solutions that allow machining in 6 microns of precision in diameter (cpk1.33) and N5 in surface condition in 24-hour production in non-sulphur stainless steel. These stainless steel machining solutions are the result of qualifying tests on more than 300 tools and parameters over a period of 3.5 months on a full time machine.<\/p>\n<p class=\"wa_style_jag6qkhh1ds7jrzy28\">The \"24\/24 stainless steel machining\" training course is aimed at preparation\/programmers and bar turners.<\/p>\n<h3 class=\"wa_style_jag6qkhh1ds7jrzy28\">TOPICS:<\/h3>\n<p class=\"wa_style_jag6qkhh1ds7jrzy28 translation-block\">- Technology review<br>\n- 24\/24hrs machining method<br>\n- Standard tools<br>\n- Tool design method for specific stainless steel tools<br>\n- Industrialization (definition of tool paths, tool and parameter selection),using a stainless steel work piece from your production.<\/p>\n<h3 class=\"wa_style_jag6qkhh1ds7jrzy28\">DURATION : 8H<\/h3>\n<p class=\"wa_style_jag6qkhh1ds7jrzy28\">Maximum number of attendees: 4\u00a0<br \/>Venue: meeting room at the client's site, a whiteboard is required, a projector would be a plus but is not essential.<\/p>    <\/div>\n<\/div>\n<!-- \/module text -->        <\/div>\n                        <\/div>\n        <\/div>\n                        <div  data-css_id=\"gl3t312\" data-lazy=\"1\" class=\"module_row themify_builder_row fullwidth tb_gl3t312 tf_w\">\n            <span  class=\"builder_row_cover tf_abs\" data-lazy=\"1\"><\/span>            <div class=\"row_inner col_align_top tb_col_count_1 tf_box tf_rel\">\n                        <div  data-lazy=\"1\" class=\"module_column tb-column col-full tb_0cfv313 first\">\n                            <\/div>\n                        <\/div>\n        <\/div>\n                        <div  data-css_id=\"lpes36\" data-lazy=\"1\" class=\"module_row themify_builder_row fullwidth tb_lpes36 tf_w\">\n                        <div class=\"row_inner col_align_top tb_col_count_1 tf_box tf_rel\">\n                        <div  data-lazy=\"1\" class=\"module_column tb-column col-full tb_dh5837 first\">\n                    <!-- module text -->\n<div  class=\"module module-text tb_rcyn37\" data-lazy=\"1\">\n        <div  class=\"tb_text_wrap\">\n        <h1 class=\"wa_style_jag6wula1ds7k821vk\">TRAINING N\u00b03: CUSTOMIZED TRAINING, SPECIFIC MATERIAL\u00a0<\/h1>\n<p class=\"wa_style_jag6qkhh1ds7jrzy28\">This customized training will help you shorten the learning curve for your machining processes in specific materials such as Phinox, Titanium, Inconel, Cobalt Chrome, martensitic stainless steels, austenitic stainless steels, etc.<\/p>\n<p class=\"wa_style_jag6qkhh1ds7jrzy28\">The \"Machining material on demand\" training course is aimed at preparers\/programmers, turners\/millers and bar turners.<\/p>\n<h3 class=\"wa_style_jag6qkhh1ds7jrzy28\">TOPICS:<\/h3>\n<p class=\"wa_style_jag6qkhh1ds7jrzy28\">The technology: speed, feed rate, depth of cut, tool geometry, coating, special precautions, service life, checking frequency and frequency of sharpening or insert change.<\/p>\n<h3 class=\"wa_style_jag6qkhh1ds7jrzy28\">DURATION : 8H<\/h3>\n<p class=\"wa_style_jag6qkhh1ds7jrzy28\">Maximum number of attendees: 4\u00a0<br \/>Venue: meeting room at the client's site, a whiteboard is required, a projector would be a plus but is not essential.<\/p>    <\/div>\n<\/div>\n<!-- \/module text -->        <\/div>\n                        <\/div>\n        <\/div>\n                        <div  data-css_id=\"b4xv197\" data-lazy=\"1\" class=\"module_row themify_builder_row fullwidth tb_b4xv197 tf_w\">\n            <span  class=\"builder_row_cover tf_abs\" data-lazy=\"1\"><\/span>            <div class=\"row_inner col_align_top tb_col_count_1 tf_box tf_rel\">\n                        <div  data-lazy=\"1\" class=\"module_column tb-column col-full tb_nfqn197 first\">\n                            <\/div>\n                        <\/div>\n        <\/div>\n                        <div  data-css_id=\"x82396\" data-lazy=\"1\" class=\"module_row themify_builder_row fullwidth tb_x82396 tf_w\">\n                        <div class=\"row_inner col_align_top tb_col_count_1 tf_box tf_rel\">\n                        <div  data-lazy=\"1\" class=\"module_column tb-column col-full tb_z2bh97 first\">\n                    <!-- module text -->\n<div  class=\"module module-text tb_dqc397\" data-lazy=\"1\">\n        <div  class=\"tb_text_wrap\">\n        <h1 class=\"wa_style_jag6wula1ds7k821vk\">TRAINING COURSE NO. 4: BASIC MACHINING TRAINING<\/h1>\n<p class=\"wa_style_jag6qkhh1ds7jrzy28\">Machine basics and programming.<\/p>\n<p class=\"wa_style_jag6qkhh1ds7jrzy28\">With this course, FBO engineering offers a fast-track solution for machine manufacturers designing customer commissioning trainings typically delivered during machine receptions.<\/p>\n<p class=\"wa_style_jag6qkhh1ds7jrzy28\">Valid for all CNC* machines in the watchmaking, aeronautics, medical and automotive industries and worldwide, the training is conducted in English.<\/p>\n<p class=\"wa_style_jag6qkhh1ds7jrzy28\">Training duration is dependent on machine type, the number of attendees is not limited.<\/p>\n<p class=\"wa_style_jag6qkhh1ds7jrzy28\">* After complete study of the machine documents.<\/p>    <\/div>\n<\/div>\n<!-- \/module text -->        <\/div>\n                        <\/div>\n        <\/div>\n                        <div  data-css_id=\"boqy531\" data-lazy=\"1\" class=\"module_row themify_builder_row fullwidth tb_boqy531 tf_w\">\n            <span  class=\"builder_row_cover tf_abs\" data-lazy=\"1\"><\/span>            <div class=\"row_inner col_align_top tb_col_count_1 tf_box tf_rel\">\n                        <div  data-lazy=\"1\" class=\"module_column tb-column col-full tb_jpup531 first\">\n                            <\/div>\n                        <\/div>\n        <\/div>\n        <\/div>\n<!--\/themify_builder_content-->","protected":false},"excerpt":{"rendered":"<p>FOR BEST RESULTS AT THE FIRST SETUP, FASTER MACHINING, IMPROVED TOOL LONGEVITY, BURR-FREE PRODUCTION WITHIN SET QUALITY STANDARDS \u00a0<\/p>","protected":false},"author":1,"featured_media":0,"parent":0,"menu_order":0,"comment_status":"closed","ping_status":"closed","template":"","meta":{"_monsterinsights_skip_tracking":false,"_monsterinsights_sitenote_active":false,"_monsterinsights_sitenote_note":"","_monsterinsights_sitenote_category":0,"footnotes":""},"class_list":["post-23","page","type-page","status-publish","hentry","has-post-title","has-post-date","has-post-category","has-post-tag","has-post-comment","has-post-author",""],"yoast_head":"<!-- This site is optimized with the Yoast SEO plugin v27.4 - https:\/\/yoast.com\/product\/yoast-seo-wordpress\/ -->\n<title>Formations \u00e0 l&#039;usinage et \u00e0 la production - FBO Engineering<\/title>\n<meta name=\"description\" content=\"FBO propose des solutions de formations compl\u00e8tes pour augmenter votre productivit\u00e9, pr\u00e9cision d&#039;usinage, de d\u00e9colletage et organisation g\u00e9n\u00e9rale.\" \/>\n<meta name=\"robots\" content=\"index, follow, max-snippet:-1, max-image-preview:large, max-video-preview:-1\" \/>\n<link rel=\"canonical\" href=\"https:\/\/fbo-engineering.com\/en\/formations-usinage\/\" \/>\n<meta property=\"og:locale\" content=\"en_GB\" \/>\n<meta property=\"og:type\" content=\"article\" \/>\n<meta property=\"og:title\" content=\"Formations \u00e0 l&#039;usinage et \u00e0 la production - FBO Engineering\" \/>\n<meta property=\"og:description\" content=\"FBO propose des solutions de formations compl\u00e8tes pour augmenter votre productivit\u00e9, pr\u00e9cision d&#039;usinage, de d\u00e9colletage et organisation g\u00e9n\u00e9rale.\" \/>\n<meta property=\"og:url\" content=\"https:\/\/fbo-engineering.com\/en\/formations-usinage\/\" \/>\n<meta property=\"og:site_name\" content=\"FBO Engineering\" \/>\n<meta property=\"article:modified_time\" content=\"2020-11-10T18:10:57+00:00\" \/>\n<meta name=\"twitter:card\" content=\"summary_large_image\" \/>\n<script type=\"application\/ld+json\" class=\"yoast-schema-graph\">{\"@context\":\"https:\\\/\\\/schema.org\",\"@graph\":[{\"@type\":\"WebPage\",\"@id\":\"https:\\\/\\\/fbo-engineering.com\\\/formations-usinage\\\/\",\"url\":\"https:\\\/\\\/fbo-engineering.com\\\/formations-usinage\\\/\",\"name\":\"Formations \u00e0 l'usinage et \u00e0 la production - FBO Engineering\",\"isPartOf\":{\"@id\":\"https:\\\/\\\/fbo-engineering.com\\\/#website\"},\"datePublished\":\"2020-03-03T09:24:52+00:00\",\"dateModified\":\"2020-11-10T18:10:57+00:00\",\"description\":\"FBO propose des solutions de formations compl\u00e8tes pour augmenter votre productivit\u00e9, pr\u00e9cision d'usinage, de d\u00e9colletage et organisation g\u00e9n\u00e9rale.\",\"breadcrumb\":{\"@id\":\"https:\\\/\\\/fbo-engineering.com\\\/formations-usinage\\\/#breadcrumb\"},\"inLanguage\":\"en-GB\",\"potentialAction\":[{\"@type\":\"ReadAction\",\"target\":[\"https:\\\/\\\/fbo-engineering.com\\\/formations-usinage\\\/\"]}]},{\"@type\":\"BreadcrumbList\",\"@id\":\"https:\\\/\\\/fbo-engineering.com\\\/formations-usinage\\\/#breadcrumb\",\"itemListElement\":[{\"@type\":\"ListItem\",\"position\":1,\"name\":\"Accueil\",\"item\":\"https:\\\/\\\/fbo-engineering.com\\\/\"},{\"@type\":\"ListItem\",\"position\":2,\"name\":\"Formations\"}]},{\"@type\":\"WebSite\",\"@id\":\"https:\\\/\\\/fbo-engineering.com\\\/#website\",\"url\":\"https:\\\/\\\/fbo-engineering.com\\\/\",\"name\":\"FBO Engineering\",\"description\":\"Expert consultant en usinage et d\u00e9colletage\",\"potentialAction\":[{\"@type\":\"SearchAction\",\"target\":{\"@type\":\"EntryPoint\",\"urlTemplate\":\"https:\\\/\\\/fbo-engineering.com\\\/?s={search_term_string}\"},\"query-input\":{\"@type\":\"PropertyValueSpecification\",\"valueRequired\":true,\"valueName\":\"search_term_string\"}}],\"inLanguage\":\"en-GB\"}]}<\/script>\n<!-- \/ Yoast SEO plugin. -->","yoast_head_json":{"title":"Machining and production training - FBO Engineering","description":"FBO offers complete training solutions to increase your productivity, machining precision, turning and general organization.","robots":{"index":"index","follow":"follow","max-snippet":"max-snippet:-1","max-image-preview":"max-image-preview:large","max-video-preview":"max-video-preview:-1"},"canonical":"https:\/\/fbo-engineering.com\/en\/formations-usinage\/","og_locale":"en_GB","og_type":"article","og_title":"Formations \u00e0 l'usinage et \u00e0 la production - FBO Engineering","og_description":"FBO propose des solutions de formations compl\u00e8tes pour augmenter votre productivit\u00e9, pr\u00e9cision d'usinage, de d\u00e9colletage et organisation g\u00e9n\u00e9rale.","og_url":"https:\/\/fbo-engineering.com\/en\/formations-usinage\/","og_site_name":"FBO Engineering","article_modified_time":"2020-11-10T18:10:57+00:00","twitter_card":"summary_large_image","schema":{"@context":"https:\/\/schema.org","@graph":[{"@type":"WebPage","@id":"https:\/\/fbo-engineering.com\/formations-usinage\/","url":"https:\/\/fbo-engineering.com\/formations-usinage\/","name":"Machining and production training - FBO Engineering","isPartOf":{"@id":"https:\/\/fbo-engineering.com\/#website"},"datePublished":"2020-03-03T09:24:52+00:00","dateModified":"2020-11-10T18:10:57+00:00","description":"FBO offers complete training solutions to increase your productivity, machining precision, turning and general organization.","breadcrumb":{"@id":"https:\/\/fbo-engineering.com\/formations-usinage\/#breadcrumb"},"inLanguage":"en-GB","potentialAction":[{"@type":"ReadAction","target":["https:\/\/fbo-engineering.com\/formations-usinage\/"]}]},{"@type":"BreadcrumbList","@id":"https:\/\/fbo-engineering.com\/formations-usinage\/#breadcrumb","itemListElement":[{"@type":"ListItem","position":1,"name":"Accueil","item":"https:\/\/fbo-engineering.com\/"},{"@type":"ListItem","position":2,"name":"Formations"}]},{"@type":"WebSite","@id":"https:\/\/fbo-engineering.com\/#website","url":"https:\/\/fbo-engineering.com\/","name":"FBO Engineering","description":"Industrial production &amp; tooling expert","potentialAction":[{"@type":"SearchAction","target":{"@type":"EntryPoint","urlTemplate":"https:\/\/fbo-engineering.com\/?s={search_term_string}"},"query-input":{"@type":"PropertyValueSpecification","valueRequired":true,"valueName":"search_term_string"}}],"inLanguage":"en-GB"}]}},"builder_content":"<p style=\"text-align: center;\">POUR USINER MIEUX DU PREMIER COUP, POUR USINER PLUS VITE, SANS BAVURES ET PLUS LONGTEMPS DANS LA QUALITE MAITRISEE<\/p>\n<p id=\"wa-comptext-jb7phet81du0y7v4lc\" style=\"text-align: center;\">\u00a0<\/p>\n<h1>FORMATION N\u00b01 : USINAGE SANS BAVURES<\/h1> <p>En production, les bavures sont le premier facteur de perte de productivit\u00e9 et de qualit\u00e9 bien avant la perte des \u00e9tats de surfaces et la perte des cotes de pr\u00e9cision.<br \/>Le but de la formation est r\u00e9ellement d\u2019usiner sans bavure dans la quasi-totalit\u00e9 des cas, m\u00eame dans l\u2019inox.<br \/>La formation \"Usinage sans bavure\" s'adresse aux pr\u00e9parateurs\/programmeurs, aux d\u00e9colleteurs et aux fraiseurs.<\/p> <h3>CONTENU :<\/h3> <p>Tout d'abord un rappel sur les techniques d'usinage de pi\u00e8ces extr\u00eames, et ensuite, pour chaque type d\u2019usinage l\u2019\u00e9tude de la cr\u00e9ation des bavures et comment les \u00e9viter avec les solutions sous forme de croquis.\u00a0<\/p> <p>Tout au long de la journ\u00e9e nous d\u00e9gagerons un maximum de temps pour aborder les cas r\u00e9els de bavures pr\u00e9sentes chez le client.\u00a0<\/p> <h3>DUREE DU COURS\u00a0: 8H<\/h3> <p>Nombre de personnes maxi : 4\u00a0<br \/>Lieu : salle de r\u00e9union sur site client, pr\u00e9voyez un tableau blanc, un projecteur serait un plus mais n'est pas indispensable.<\/p>\n<img src=\"https:\/\/fbo-engineering.com\/wp-content\/uploads\/2020\/03\/bavures-440x293.jpg\" width=\"440\" height=\"293\" title=\"bavures\" alt=\"bavures\" srcset=\"https:\/\/fbo-engineering.com\/wp-content\/uploads\/2020\/03\/bavures-440x293.jpg 440w, https:\/\/fbo-engineering.com\/wp-content\/uploads\/2020\/03\/bavures-300x200.jpg 300w, https:\/\/fbo-engineering.com\/wp-content\/uploads\/2020\/03\/bavures.jpg 500w\" sizes=\"(max-width: 440px) 100vw, 440px\" \/>\n<img src=\"https:\/\/fbo-engineering.com\/wp-content\/uploads\/2020\/03\/tournage-440x293.jpg\" width=\"440\" height=\"293\" title=\"tournage\" alt=\"tournage\" srcset=\"https:\/\/fbo-engineering.com\/wp-content\/uploads\/2020\/03\/tournage-440x293.jpg 440w, https:\/\/fbo-engineering.com\/wp-content\/uploads\/2020\/03\/tournage-300x200.jpg 300w, https:\/\/fbo-engineering.com\/wp-content\/uploads\/2020\/03\/tournage-768x511.jpg 768w, https:\/\/fbo-engineering.com\/wp-content\/uploads\/2020\/03\/tournage.jpg 1000w\" sizes=\"(max-width: 440px) 100vw, 440px\" \/>\n<img src=\"https:\/\/fbo-engineering.com\/wp-content\/uploads\/2020\/03\/percage-transversal-1-440x293.png\" width=\"440\" height=\"293\" title=\"percage-transversal-1\" alt=\"percage-transversal-1\" srcset=\"https:\/\/fbo-engineering.com\/wp-content\/uploads\/2020\/03\/percage-transversal-1-440x293.png 440w, https:\/\/fbo-engineering.com\/wp-content\/uploads\/2020\/03\/percage-transversal-1-300x200.png 300w, https:\/\/fbo-engineering.com\/wp-content\/uploads\/2020\/03\/percage-transversal-1-768x511.png 768w, https:\/\/fbo-engineering.com\/wp-content\/uploads\/2020\/03\/percage-transversal-1.png 1000w\" sizes=\"(max-width: 440px) 100vw, 440px\" \/>\n<h1>FORMATION N\u00b02\u00a0:\u00a0USINAGE\u00a0INOX 24\/24<\/h1> <p>Cette formation explique et apporte les solutions qui permettent d\u2019usiner dans 6 microns de pr\u00e9cision au diam\u00e8tre (cpk1.33)et N5 en \u00e9tat de surface en production 24h\/24h dans l'inox non soufr\u00e9. Ces solutions d'usinage dans l'inox sont issues d'essais qualificatifs de plus de 300 outils et param\u00e8tres pendant 3.5 mois \u00e0 temps plein sur machine.<\/p> <p>La formation \"Usinage inox 24\/24\" s'adresse aux pr\u00e9parateurs\/programmeurs et aux d\u00e9colleteurs.<\/p> <h3>CONTENU :<\/h3> <p>- D\u00e9tail de la technologie<br \/>- M\u00e9thode pour usiner 24\/24<br \/>- Les outils standards<br \/>- M\u00e9thode de conception d'outils sp\u00e9ciaux pour inox.<br \/>- Industrialisation (choix des parcours et des outils et des param\u00e8tres) d'une pi\u00e8ce inox pr\u00e9sente dans l'entreprise.<\/p> <h3>DUREE DU COURS\u00a0: 8H<\/h3> <p>Nombre de personnes maxi : 4\u00a0<br \/>Lieu : salle de r\u00e9union sur site client, pr\u00e9voyez un tableau blanc, un projecteur serait un plus mais n'est pas indispensable.<\/p>\n<h1>FORMATION N\u00b03 :\u00a0USINAGE\u00a0MATIERE A LA DEMANDE\u00a0<\/h1> <p>Cette formation est \u00e0 la demande et concerne ceux qui sont d\u00e9sireux de gagner du temps dans l\u2019apprentissage de l\u2019usinage dans une mati\u00e8re sp\u00e9cifique, Phinox, Titane, Inconel, Cobalt Chrome, inox martensitiques, inox aust\u00e9nitiques, autres.<\/p> <p>La formation \"Usinage mati\u00e8re \u00e0 la demande\" s'adresse aux pr\u00e9parateurs\/programmeurs, aux tourneurs\/fraiseurs et d\u00e9colleteurs.<\/p> <h3>CONTENU :<\/h3> <p>La technologie : vitesse, avance, profondeur de coupe, g\u00e9om\u00e9trie d\u2019outil, rev\u00eatement, pr\u00e9cautions particuli\u00e8res, dur\u00e9e de vie, fr\u00e9quence de contr\u00f4le et fr\u00e9quence d\u2019aff\u00fbtage ou de changement de plaquette.<\/p> <h3>DUREE DU COURS\u00a0: 8H<\/h3> <p>Nombre de personnes maxi : 4\u00a0<br \/>Lieu : salle de r\u00e9union sur site client, pr\u00e9voyez un tableau blanc, un projecteur serait un plus mais n'est pas indispensable.<\/p>\n<h1>FORMATION N\u00b04 :\u00a0FORMATION ELEMENTAIRE D'USINAGE<\/h1> <p>Programmation et prise en main machine.<\/p> <p>Cette formation concerne surtout les fabricants de machines qui peuvent faire appel \u00e0 FBO Engineering pour r\u00e9aliser la formation fournisseur couramment pratiqu\u00e9e \u00e0 la livraison des machines CNC.<\/p> <p>Valable pour toutes machines CNC* dans l\u2019horlogerie, l\u2019a\u00e9ronautique, le m\u00e9dical, l'automobile et dans le monde entier, la formation est r\u00e9alis\u00e9e en anglais.<\/p> <p>La dur\u00e9e de la formation est en fonction de la machine, le nombre de personnes n\u2019est pas limit\u00e9.<\/p> <p>* Apr\u00e8s \u00e9tude compl\u00e8te des documents machine.<\/p>","_links":{"self":[{"href":"https:\/\/fbo-engineering.com\/en\/wp-json\/wp\/v2\/pages\/23","targetHints":{"allow":["GET"]}}],"collection":[{"href":"https:\/\/fbo-engineering.com\/en\/wp-json\/wp\/v2\/pages"}],"about":[{"href":"https:\/\/fbo-engineering.com\/en\/wp-json\/wp\/v2\/types\/page"}],"author":[{"embeddable":true,"href":"https:\/\/fbo-engineering.com\/en\/wp-json\/wp\/v2\/users\/1"}],"replies":[{"embeddable":true,"href":"https:\/\/fbo-engineering.com\/en\/wp-json\/wp\/v2\/comments?post=23"}],"version-history":[{"count":5,"href":"https:\/\/fbo-engineering.com\/en\/wp-json\/wp\/v2\/pages\/23\/revisions"}],"predecessor-version":[{"id":656,"href":"https:\/\/fbo-engineering.com\/en\/wp-json\/wp\/v2\/pages\/23\/revisions\/656"}],"wp:attachment":[{"href":"https:\/\/fbo-engineering.com\/en\/wp-json\/wp\/v2\/media?parent=23"}],"curies":[{"name":"wp","href":"https:\/\/api.w.org\/{rel}","templated":true}]}}