{"id":431,"date":"2020-03-24T10:20:55","date_gmt":"2020-03-24T09:20:55","guid":{"rendered":"https:\/\/fbo-engineering.com\/DEV2020\/?page_id=431"},"modified":"2020-11-10T19:12:04","modified_gmt":"2020-11-10T18:12:04","slug":"all-in-one","status":"publish","type":"page","link":"https:\/\/fbo-engineering.com\/en\/all-in-one\/","title":{"rendered":"All-in-one"},"content":{"rendered":"<!--themify_builder_content-->\n<div id=\"themify_builder_content-431\" data-postid=\"431\" class=\"themify_builder_content themify_builder_content-431 themify_builder tf_clear\">\n                    <div  data-css_id=\"mb2d525\" data-lazy=\"1\" class=\"module_row themify_builder_row fullheight fullwidth tb_mb2d525 tb_first tf_w\">\n            <span  class=\"builder_row_cover tf_abs\" data-lazy=\"1\"><\/span>            <div class=\"row_inner col_align_middle tb_col_count_1 tf_box tf_rel\">\n                        <div  data-lazy=\"1\" class=\"module_column tb-column col-full tb_i5ai526 first\">\n                    <!-- module text -->\n<div  class=\"module module-text tb_jblj526  repeat  hide-tablet hide-tablet_landscape hide-mobile\" data-lazy=\"1\">\n        <div  class=\"tb_text_wrap\">\n        <p class=\"wa_style_jag6wula1ds7k821vk\" style=\"text-align: center;\">ALL IN ONE\" PROJECT\u00a0<\/p>    <\/div>\n<\/div>\n<!-- \/module text --><!-- module text -->\n<div  class=\"module module-text tb_3z2k980  repeat  hide-desktop\" data-lazy=\"1\">\n        <div  class=\"tb_text_wrap\">\n        <p class=\"wa_style_jag6wula1ds7k821vk\" style=\"text-align: center;\">PROJECT <br \/>\"ALL IN ONE\u00a0<\/p>    <\/div>\n<\/div>\n<!-- \/module text --><!-- module text -->\n<div  class=\"module module-text tb_htvt138  repeat\" data-lazy=\"1\">\n        <div  class=\"tb_text_wrap\">\n        <p class=\"wa_style_jag6qkhh1ds7jrzy28\" style=\"text-align: center;\">The high-tech spearhead of the workshop allowing to automatically center XYZ any tool at any position in bar-turning and screw-machining machines.<\/p>    <\/div>\n<\/div>\n<!-- \/module text -->        <\/div>\n                        <\/div>\n        <\/div>\n                        <div  data-css_id=\"e95e244\" data-lazy=\"1\" class=\"module_row themify_builder_row fullheight fullwidth tb_e95e244 tf_w wow\" data-tf-animation=\"slideInUp\">\n            <span  class=\"builder_row_cover tf_abs\" data-lazy=\"1\"><\/span>            <div class=\"row_inner col_align_middle tb_col_count_1 tf_box tf_rel\">\n                        <div  data-lazy=\"1\" data-parallax-bg=\"desktop\" class=\"module_column tb-column col-full tb_2rv2245 first\">\n                    <!-- module text -->\n<div  class=\"module module-text tb_snmi935  repeat\" data-lazy=\"1\">\n        <div  class=\"tb_text_wrap\">\n        <h1 style=\"text-align: center;\">the all-in-one in medicine<\/h1>    <\/div>\n<\/div>\n<!-- \/module text --><!-- module counter -->\n<div  class=\"module module-counter tb_rtpa19 size-medium  tf_textc\" data-lazy=\"1\">\n\t\t\n\t\t<div class=\"counter-chart tf_rel\">\n\t\t\t<svg class=\"tf_abs tf_w tf_h\">\n\t\t\t\t\t\t\t<circle fill=\"#787878\" class=\"module-counter-background\"><\/circle>\n\t\t\t\t\t\t<circle class=\"tb_counter_fill\" stroke=\"rgba(0,0,0,.1)\" stroke-width=\"4\"\/>\n\t\t\t<circle class=\"tb_counter_stroke\" stroke-width=\"4\" stroke=\"#8cc53f\" data-progress=\"25\" stroke-dasharray=\"0,10000\"\/>\n\t\t\t<\/svg>\n\t\t\t\t<div class=\"number tf_abs_c\">\n\t\t\t<span class=\"bc-timer\"\n\t\t\t\t  data-to=\"25\"\n\t\t\t\t  data-suffix=\"%\"\n\t\t\t\t  data-prefix=\"+\"\n\t\t\t\t  data-decimals=\"0\"\n\t\t\t\t  data-grouping=\"\"\n                                ><\/span>\n\t\t<\/div>\n\n\t\t\t\t<\/div><!-- .chart -->\n\t\n    <div class=\"counter-text\"><\/div>\n\n\t<\/div>\n<!-- \/module counter -->\n<!-- module text -->\n<div  class=\"module module-text tb_bh3n638  repeat\" data-lazy=\"1\">\n        <div  class=\"tb_text_wrap\">\n        <h1 class=\"wa_style_jag6wula1ds7k821vk\" style=\"text-align: center;\">PRODUCTIVE<\/h1>    <\/div>\n<\/div>\n<!-- \/module text -->        <\/div>\n                        <\/div>\n        <\/div>\n                        <div  data-css_id=\"2ith995\" data-lazy=\"1\" class=\"module_row themify_builder_row fullheight fullwidth tb_2ith995 tf_w wow\" data-tf-animation=\"slideInUp\">\n            <span  class=\"builder_row_cover tf_abs\" data-lazy=\"1\"><\/span>            <div class=\"row_inner col_align_middle tb_col_count_1 tf_box tf_rel\">\n                        <div  data-lazy=\"1\" data-parallax-bg=\"desktop\" class=\"module_column tb-column col-full tb_766u995 first\">\n                    <!-- module text -->\n<div  class=\"module module-text tb_ldbd92  repeat\" data-lazy=\"1\">\n        <div  class=\"tb_text_wrap\">\n        <h1 class=\"wa_style_jag6wula1ds7k821vk\">ALL IN ONE\" PROJECT\u00a0<\/h1>\n<h2 class=\"wa_style_jag6wula1ds7k821vk\">Decisive advantages :<\/h2>\n<p class=\"wa_style_jag6wula1ds7k821vk\">- Allows a beginner staff after only 8 hours of training to perform METs with a first good part already set up in the first shot in an unbeatable time without this program.<br \/>- Allows workers to help each other when using this program, which fully supports the process of setting up and or simple tool changes.<br \/>- The question of acceptance by bar turners no longer arises. <br \/>- Training for bar turners can also be greatly simplified and reduced to simply learning how to use the \"All in One\".<br \/>- Guaranteed reproducibility of machining, the disappearance of hazards and the near disappearance of scrap. These machines set up with the All in One produce an average of 25 % more good parts for the same resource.<\/p>    <\/div>\n<\/div>\n<!-- \/module text -->        <\/div>\n                        <\/div>\n        <\/div>\n                        <div  data-css_id=\"wrmg91\" data-lazy=\"1\" class=\"module_row themify_builder_row fullheight fullwidth tb_wrmg91 tf_w wow\" data-tf-animation=\"slideInUp\">\n            <span  class=\"builder_row_cover tf_abs\" data-lazy=\"1\"><\/span>            <div class=\"row_inner col_align_middle tb_col_count_1 tf_box tf_rel\">\n                        <div  data-lazy=\"1\" data-parallax-bg=\"desktop\" class=\"module_column tb-column col-full tb_oqls91 first\">\n                    <!-- module text -->\n<div  class=\"module module-text tb_dcdk188  repeat\" data-lazy=\"1\">\n        <div  class=\"tb_text_wrap\">\n        <h1 style=\"text-align: center;\">PERIOD OF TRAINING<\/h1>    <\/div>\n<\/div>\n<!-- \/module text --><!-- module counter -->\n<div  class=\"module module-counter tb_q2b5671 size-medium  tf_textc\" data-lazy=\"1\">\n\t\t\n\t\t<div class=\"counter-chart tf_rel\">\n\t\t\t<svg class=\"tf_abs tf_w tf_h\">\n\t\t\t\t\t\t\t<circle fill=\"#787878\" class=\"module-counter-background\"><\/circle>\n\t\t\t\t\t\t<circle class=\"tb_counter_fill\" stroke=\"rgba(0,0,0,.1)\" stroke-width=\"4\"\/>\n\t\t\t<circle class=\"tb_counter_stroke\" stroke-width=\"4\" stroke=\"#8cc53f\" data-progress=\"64\" stroke-dasharray=\"0,10000\"\/>\n\t\t\t<\/svg>\n\t\t\t\t<div class=\"number tf_abs_c\">\n\t\t\t<span class=\"bc-timer\"\n\t\t\t\t  data-to=\"8\"\n\t\t\t\t  data-suffix=\"H\"\n\t\t\t\t  data-prefix=\"\"\n\t\t\t\t  data-decimals=\"0\"\n\t\t\t\t  data-grouping=\"\"\n                                ><\/span>\n\t\t<\/div>\n\n\t\t\t\t<\/div><!-- .chart -->\n\t\n    <div class=\"counter-text\"><\/div>\n\n\t<\/div>\n<!-- \/module counter -->\n<!-- module text -->\n<div  class=\"module module-text tb_3ma877  repeat\" data-lazy=\"1\">\n        <div  class=\"tb_text_wrap\">\n        <h1 class=\"wa_style_jag6wula1ds7k821vk\" style=\"text-align: center;\">ONLY<\/h1>    <\/div>\n<\/div>\n<!-- \/module text -->        <\/div>\n                        <\/div>\n        <\/div>\n                        <div  data-css_id=\"v47g674\" data-lazy=\"1\" class=\"module_row themify_builder_row fullheight fullwidth tb_v47g674 tf_w wow\" data-tf-animation=\"slideInUp\">\n            <span  class=\"builder_row_cover tf_abs\" data-lazy=\"1\"><\/span>            <div class=\"row_inner col_align_middle tb_col_count_1 tf_box tf_rel\">\n                        <div  data-lazy=\"1\" data-parallax-bg=\"desktop\" class=\"module_column tb-column col-full tb_n61t674 first\">\n                            <\/div>\n                        <\/div>\n        <\/div>\n        <\/div>\n<!--\/themify_builder_content-->","protected":false},"excerpt":{"rendered":"<p>ALL IN ONE\" PROJECT\u00a0<\/p>","protected":false},"author":1,"featured_media":0,"parent":0,"menu_order":0,"comment_status":"closed","ping_status":"closed","template":"","meta":{"_monsterinsights_skip_tracking":false,"_monsterinsights_sitenote_active":false,"_monsterinsights_sitenote_note":"","_monsterinsights_sitenote_category":0,"footnotes":""},"class_list":["post-431","page","type-page","status-publish","hentry","has-post-title","has-post-date","has-post-category","has-post-tag","has-post-comment","has-post-author",""],"yoast_head":"<!-- This site is optimized with the Yoast SEO plugin v27.3 - https:\/\/yoast.com\/product\/yoast-seo-wordpress\/ -->\n<title>All-in-One, la r\u00e9volution dans le r\u00e9glages des machines multi-broches<\/title>\n<meta name=\"description\" content=\"Le fer de lance High-tech de l\u2019atelier permettant de mani\u00e8re automatique de centrer XYZ n\u2019importe quel outil \u00e0 n\u2019importe quelle position dans les machines.\" \/>\n<meta name=\"robots\" content=\"index, follow, max-snippet:-1, max-image-preview:large, max-video-preview:-1\" \/>\n<link rel=\"canonical\" href=\"https:\/\/fbo-engineering.com\/en\/all-in-one\/\" \/>\n<meta property=\"og:locale\" content=\"en_GB\" \/>\n<meta property=\"og:type\" content=\"article\" \/>\n<meta property=\"og:title\" content=\"All-in-One, la r\u00e9volution dans le r\u00e9glages des machines multi-broches\" \/>\n<meta property=\"og:description\" content=\"Le fer de lance High-tech de l\u2019atelier permettant de mani\u00e8re automatique de centrer XYZ n\u2019importe quel outil \u00e0 n\u2019importe quelle position dans les machines.\" \/>\n<meta property=\"og:url\" content=\"https:\/\/fbo-engineering.com\/en\/all-in-one\/\" \/>\n<meta property=\"og:site_name\" content=\"FBO Engineering\" \/>\n<meta property=\"article:modified_time\" content=\"2020-11-10T18:12:04+00:00\" \/>\n<meta name=\"twitter:card\" content=\"summary_large_image\" \/>\n<script type=\"application\/ld+json\" class=\"yoast-schema-graph\">{\"@context\":\"https:\\\/\\\/schema.org\",\"@graph\":[{\"@type\":\"WebPage\",\"@id\":\"https:\\\/\\\/fbo-engineering.com\\\/all-in-one\\\/\",\"url\":\"https:\\\/\\\/fbo-engineering.com\\\/all-in-one\\\/\",\"name\":\"All-in-One, la r\u00e9volution dans le r\u00e9glages des machines multi-broches\",\"isPartOf\":{\"@id\":\"https:\\\/\\\/fbo-engineering.com\\\/#website\"},\"datePublished\":\"2020-03-24T09:20:55+00:00\",\"dateModified\":\"2020-11-10T18:12:04+00:00\",\"description\":\"Le fer de lance High-tech de l\u2019atelier permettant de mani\u00e8re automatique de centrer XYZ n\u2019importe quel outil \u00e0 n\u2019importe quelle position dans les machines.\",\"breadcrumb\":{\"@id\":\"https:\\\/\\\/fbo-engineering.com\\\/all-in-one\\\/#breadcrumb\"},\"inLanguage\":\"en-GB\",\"potentialAction\":[{\"@type\":\"ReadAction\",\"target\":[\"https:\\\/\\\/fbo-engineering.com\\\/all-in-one\\\/\"]}]},{\"@type\":\"BreadcrumbList\",\"@id\":\"https:\\\/\\\/fbo-engineering.com\\\/all-in-one\\\/#breadcrumb\",\"itemListElement\":[{\"@type\":\"ListItem\",\"position\":1,\"name\":\"Accueil\",\"item\":\"https:\\\/\\\/fbo-engineering.com\\\/\"},{\"@type\":\"ListItem\",\"position\":2,\"name\":\"All-in-one\"}]},{\"@type\":\"WebSite\",\"@id\":\"https:\\\/\\\/fbo-engineering.com\\\/#website\",\"url\":\"https:\\\/\\\/fbo-engineering.com\\\/\",\"name\":\"FBO Engineering\",\"description\":\"Expert consultant en usinage et d\u00e9colletage\",\"potentialAction\":[{\"@type\":\"SearchAction\",\"target\":{\"@type\":\"EntryPoint\",\"urlTemplate\":\"https:\\\/\\\/fbo-engineering.com\\\/?s={search_term_string}\"},\"query-input\":{\"@type\":\"PropertyValueSpecification\",\"valueRequired\":true,\"valueName\":\"search_term_string\"}}],\"inLanguage\":\"en-GB\"}]}<\/script>\n<!-- \/ Yoast SEO plugin. -->","yoast_head_json":{"title":"All-in-One, the revolution in multi-spindle machine settings","description":"The high-tech spearhead of the workshop allowing to automatically center XYZ any tool at any position in the machines.","robots":{"index":"index","follow":"follow","max-snippet":"max-snippet:-1","max-image-preview":"max-image-preview:large","max-video-preview":"max-video-preview:-1"},"canonical":"https:\/\/fbo-engineering.com\/en\/all-in-one\/","og_locale":"en_GB","og_type":"article","og_title":"All-in-One, la r\u00e9volution dans le r\u00e9glages des machines multi-broches","og_description":"Le fer de lance High-tech de l\u2019atelier permettant de mani\u00e8re automatique de centrer XYZ n\u2019importe quel outil \u00e0 n\u2019importe quelle position dans les machines.","og_url":"https:\/\/fbo-engineering.com\/en\/all-in-one\/","og_site_name":"FBO Engineering","article_modified_time":"2020-11-10T18:12:04+00:00","twitter_card":"summary_large_image","schema":{"@context":"https:\/\/schema.org","@graph":[{"@type":"WebPage","@id":"https:\/\/fbo-engineering.com\/all-in-one\/","url":"https:\/\/fbo-engineering.com\/all-in-one\/","name":"All-in-One, the revolution in multi-spindle machine settings","isPartOf":{"@id":"https:\/\/fbo-engineering.com\/#website"},"datePublished":"2020-03-24T09:20:55+00:00","dateModified":"2020-11-10T18:12:04+00:00","description":"The high-tech spearhead of the workshop allowing to automatically center XYZ any tool at any position in the machines.","breadcrumb":{"@id":"https:\/\/fbo-engineering.com\/all-in-one\/#breadcrumb"},"inLanguage":"en-GB","potentialAction":[{"@type":"ReadAction","target":["https:\/\/fbo-engineering.com\/all-in-one\/"]}]},{"@type":"BreadcrumbList","@id":"https:\/\/fbo-engineering.com\/all-in-one\/#breadcrumb","itemListElement":[{"@type":"ListItem","position":1,"name":"Accueil","item":"https:\/\/fbo-engineering.com\/"},{"@type":"ListItem","position":2,"name":"All-in-one"}]},{"@type":"WebSite","@id":"https:\/\/fbo-engineering.com\/#website","url":"https:\/\/fbo-engineering.com\/","name":"FBO Engineering","description":"Industrial production &amp; tooling expert","potentialAction":[{"@type":"SearchAction","target":{"@type":"EntryPoint","urlTemplate":"https:\/\/fbo-engineering.com\/?s={search_term_string}"},"query-input":{"@type":"PropertyValueSpecification","valueRequired":true,"valueName":"search_term_string"}}],"inLanguage":"en-GB"}]}},"builder_content":"<p style=\"text-align: center;\">PROJET \"ALL IN ONE \"<\/p>\n<p style=\"text-align: center;\">PROJET <br \/>\"ALL IN ONE \"<\/p>\n<p style=\"text-align: center;\">Le fer de lance High-tech \u00a0de l\u2019atelier \u00a0permettant de mani\u00e8re automatique de centrer \u00a0XYZ n\u2019importe quel outil \u00e0 n\u2019importe quelle position dans les machines de d\u00e9colletage et d\u00e9colletage fraisage.<\/p>\n<h1 style=\"text-align: center;\">LE All IN ONE DANS LE MEDICAL<\/h1>\n<svg> <circle fill=\"#787878\"><\/circle> <circle stroke=\"rgba(0,0,0,.1)\" stroke-width=\"4\"\/> <circle stroke-width=\"4\" stroke=\"#8cc53f\" data-progress=\"25\" stroke-dasharray=\"0,10000\"\/> <\/svg>\n<h1 style=\"text-align: center;\">DE PRODUCTIVITE<\/h1>\n<h1>PROJET \"ALL IN ONE \"<\/h1> <h2>Avantages d\u00e9cisifs :<\/h2> <p>- Permet \u00e0 un personnel d\u00e9butant apr\u00e8s seulement 8h de formation de r\u00e9aliser des MET avec une premi\u00e8re pi\u00e8ce bonne d\u00e9j\u00e0 mise en cote du premier coup dans un temps imbattable sans ce programme.<br \/>- Permet l\u2019entre-aide entre ouvriers \u00e0 l\u2019utilisation de ce programme qui prend compl\u00e8tement en charge la marche \u00e0 suivre d\u2019une mise en train et ou de simples changements d\u2019outils.<br \/>- La question de l\u2019acceptation par les d\u00e9colleteurs ne se pose plus. <br \/>- La formation d\u00e9colleteur peut aussi grandement \u00eatre simplifi\u00e9e et r\u00e9duite au simple apprentissage de l\u2019utilisation du \"All in One\".<br \/>- Garantie de la reproductibilit\u00e9 de l\u2019usinage, la disparition des al\u00e9as et la quasi disparition des rebuts. Ces machines r\u00e9gl\u00e9es avec le All in One produisent en moyenne 25 % de pi\u00e8ces bonnes en plus \u00e0 ressource \u00e9gale.<\/p>\n<h1 style=\"text-align: center;\">DUREE DE FORMATION<\/h1>\n<svg> <circle fill=\"#787878\"><\/circle> <circle stroke=\"rgba(0,0,0,.1)\" stroke-width=\"4\"\/> <circle stroke-width=\"4\" stroke=\"#8cc53f\" data-progress=\"64\" stroke-dasharray=\"0,10000\"\/> <\/svg>\n<h1 style=\"text-align: center;\">SEULEMENT<\/h1>","_links":{"self":[{"href":"https:\/\/fbo-engineering.com\/en\/wp-json\/wp\/v2\/pages\/431","targetHints":{"allow":["GET"]}}],"collection":[{"href":"https:\/\/fbo-engineering.com\/en\/wp-json\/wp\/v2\/pages"}],"about":[{"href":"https:\/\/fbo-engineering.com\/en\/wp-json\/wp\/v2\/types\/page"}],"author":[{"embeddable":true,"href":"https:\/\/fbo-engineering.com\/en\/wp-json\/wp\/v2\/users\/1"}],"replies":[{"embeddable":true,"href":"https:\/\/fbo-engineering.com\/en\/wp-json\/wp\/v2\/comments?post=431"}],"version-history":[{"count":5,"href":"https:\/\/fbo-engineering.com\/en\/wp-json\/wp\/v2\/pages\/431\/revisions"}],"predecessor-version":[{"id":1006,"href":"https:\/\/fbo-engineering.com\/en\/wp-json\/wp\/v2\/pages\/431\/revisions\/1006"}],"wp:attachment":[{"href":"https:\/\/fbo-engineering.com\/en\/wp-json\/wp\/v2\/media?parent=431"}],"curies":[{"name":"wp","href":"https:\/\/api.w.org\/{rel}","templated":true}]}}