{"id":8,"date":"2020-03-03T10:24:12","date_gmt":"2020-03-03T09:24:12","guid":{"rendered":"https:\/\/fbo-engineering.com\/DEV2020\/?page_id=8"},"modified":"2023-01-26T07:26:05","modified_gmt":"2023-01-26T06:26:05","slug":"conseil","status":"publish","type":"page","link":"https:\/\/fbo-engineering.com\/en\/","title":{"rendered":"Home page"},"content":{"rendered":"<!--themify_builder_content-->\n<div id=\"themify_builder_content-8\" data-postid=\"8\" class=\"themify_builder_content themify_builder_content-8 themify_builder tf_clear\">\n                    <div  data-css_id=\"vpou118\" data-lazy=\"1\" class=\"module_row themify_builder_row fullheight fullwidth tb_vpou118 tb_first tf_w wow\" data-tf-animation=\"slideInUp\">\n            <span  class=\"builder_row_cover tf_abs\" data-lazy=\"1\"><\/span>            <div class=\"row_inner col_align_top tb_col_count_1 tf_box tf_rel\">\n                        <div  data-lazy=\"1\" class=\"module_column tb-column col-full tb_f64e119 first\">\n                    <!-- module text -->\n<div  class=\"module module-text tb_qy53186    hide-mobile wow\" data-tf-animation=\"slideInLeft\" data-lazy=\"1\">\n        <div  class=\"tb_text_wrap\">\n        <h1 class=\"wa_style_jag6wula1ds7k821vk\">FBO Engineering helps you improve your productivity<\/h1><p class=\"wa_style_jag6qkhh1ds7jrzy28\">With optimisation of machining methods, fine-tuned workshop organisation and auditing of production efficiency.<\/p>    <\/div>\n<\/div>\n<!-- \/module text --><!-- module text -->\n<div  class=\"module module-text tb_m3u0441    hide-desktop hide-tablet hide-tablet_landscape wow\" data-tf-animation=\"slideInLeft\" data-lazy=\"1\">\n        <div  class=\"tb_text_wrap\">\n        <h3 class=\"wa_style_jag6wula1ds7k821vk\">FBO Engineering helps you improve your productivity<\/h3><p class=\"wa_style_jag6qkhh1ds7jrzy28\">With optimisation of machining methods, fine-tuned workshop organisation and auditing of production efficiency.<\/p>    <\/div>\n<\/div>\n<!-- \/module text --><!-- module text -->\n<div  class=\"module module-text tb_zkhg423    hide-mobile wow\" data-tf-animation=\"slideInLeft\" data-tf-animation_delay=\"0.4\" data-lazy=\"1\">\n        <div  class=\"tb_text_wrap\">\n        <h1>FBO Engineering increases your added value\u00a0<\/h1>\n<p>\u00a0Vertical integration helps you manage your deadlines and the quality of your end products.<\/p>    <\/div>\n<\/div>\n<!-- \/module text --><!-- module text -->\n<div  class=\"module module-text tb_gypu764    hide-desktop hide-tablet hide-tablet_landscape wow\" data-tf-animation=\"slideInLeft\" data-tf-animation_delay=\"0.4\" data-lazy=\"1\">\n        <div  class=\"tb_text_wrap\">\n        <h3>FBO Engineering increases your added value\u00a0<\/h3>\n<p>\u00a0Vertical integration helps you manage your deadlines and the quality of your end products.<\/p>    <\/div>\n<\/div>\n<!-- \/module text --><!-- module text -->\n<div  class=\"module module-text tb_5ely302    hide-mobile wow\" data-tf-animation=\"slideInLeft\" data-tf-animation_delay=\"0.8\" data-lazy=\"1\">\n        <div  class=\"tb_text_wrap\">\n        <h1 class=\"wa_style_jag6wula1ds7k821vk\">FBO Engineering and watchmaking<\/h1>\n<p>\u00a0Management of watchmaking workshops, from planning to full-scale production.<\/p>    <\/div>\n<\/div>\n<!-- \/module text --><!-- module text -->\n<div  class=\"module module-text tb_ford396    hide-desktop hide-tablet hide-tablet_landscape wow\" data-tf-animation=\"slideInLeft\" data-tf-animation_delay=\"0.8\" data-lazy=\"1\">\n        <div  class=\"tb_text_wrap\">\n        <h3 class=\"wa_style_jag6wula1ds7k821vk\">FBO Engineering and watchmaking<\/h3>\n<p>\u00a0Management of watchmaking workshops, from planning to full-scale production.<\/p>    <\/div>\n<\/div>\n<!-- \/module text -->        <\/div>\n                        <\/div>\n        <\/div>\n        <\/div>\n<!--\/themify_builder_content-->","protected":false},"excerpt":{"rendered":"<p>FBO Engineering vous aide \u00e0 am\u00e9liorer votre productivit\u00e9 Avec de l&rsquo;optimisation des m\u00e9thodes d\u2019usinage, de l&rsquo;organisation fine d&rsquo;atelier et de l&rsquo;audit sur l&rsquo;efficience de production. FBO Engineering vous aide \u00e0 am\u00e9liorer votre productivit\u00e9 Avec de l&rsquo;optimisation des m\u00e9thodes d\u2019usinage, de l&rsquo;organisation fine d&rsquo;atelier et de l&rsquo;audit sur l&rsquo;efficience de production. FBO Engineering vous aide \u00e0 [&hellip;]<\/p>\n","protected":false},"author":1,"featured_media":0,"parent":0,"menu_order":0,"comment_status":"closed","ping_status":"closed","template":"","meta":{"_monsterinsights_skip_tracking":false,"_monsterinsights_sitenote_active":false,"_monsterinsights_sitenote_note":"","_monsterinsights_sitenote_category":0,"footnotes":""},"class_list":["post-8","page","type-page","status-publish","hentry","has-post-title","has-post-date","has-post-category","has-post-tag","has-post-comment","has-post-author",""],"yoast_head":"<!-- This site is optimized with the Yoast SEO plugin v27.3 - https:\/\/yoast.com\/product\/yoast-seo-wordpress\/ -->\n<title>FBO Engineering - Franck Boccaccini - Expert en usinage et productique<\/title>\n<meta name=\"description\" content=\"Soci\u00e9t\u00e9 de conseil et de services aux entreprises. Consultant expert en usinage et productique dans de nombreux domaines industriels.\" \/>\n<meta name=\"robots\" content=\"index, follow, max-snippet:-1, max-image-preview:large, max-video-preview:-1\" \/>\n<link rel=\"canonical\" href=\"https:\/\/fbo-engineering.com\/en\/\" \/>\n<meta property=\"og:locale\" content=\"en_GB\" \/>\n<meta property=\"og:type\" content=\"article\" \/>\n<meta property=\"og:title\" content=\"FBO Engineering - Franck Boccaccini - Expert en usinage et productique\" \/>\n<meta property=\"og:description\" content=\"Soci\u00e9t\u00e9 de conseil et de services aux entreprises. Consultant expert en usinage et productique dans de nombreux domaines industriels.\" \/>\n<meta property=\"og:url\" content=\"https:\/\/fbo-engineering.com\/en\/\" \/>\n<meta property=\"og:site_name\" content=\"FBO Engineering\" \/>\n<meta property=\"article:modified_time\" content=\"2023-01-26T06:26:05+00:00\" \/>\n<meta name=\"twitter:card\" content=\"summary_large_image\" \/>\n<meta name=\"twitter:label1\" content=\"Estimated reading time\" \/>\n\t<meta name=\"twitter:data1\" content=\"1 minute\" \/>\n<script type=\"application\/ld+json\" class=\"yoast-schema-graph\">{\"@context\":\"https:\\\/\\\/schema.org\",\"@graph\":[{\"@type\":\"WebPage\",\"@id\":\"https:\\\/\\\/fbo-engineering.com\\\/\",\"url\":\"https:\\\/\\\/fbo-engineering.com\\\/\",\"name\":\"FBO Engineering - Franck Boccaccini - Expert en usinage et productique\",\"isPartOf\":{\"@id\":\"https:\\\/\\\/fbo-engineering.com\\\/#website\"},\"datePublished\":\"2020-03-03T09:24:12+00:00\",\"dateModified\":\"2023-01-26T06:26:05+00:00\",\"description\":\"Soci\u00e9t\u00e9 de conseil et de services aux entreprises. Consultant expert en usinage et productique dans de nombreux domaines industriels.\",\"breadcrumb\":{\"@id\":\"https:\\\/\\\/fbo-engineering.com\\\/#breadcrumb\"},\"inLanguage\":\"en-GB\",\"potentialAction\":[{\"@type\":\"ReadAction\",\"target\":[\"https:\\\/\\\/fbo-engineering.com\\\/\"]}]},{\"@type\":\"BreadcrumbList\",\"@id\":\"https:\\\/\\\/fbo-engineering.com\\\/#breadcrumb\",\"itemListElement\":[{\"@type\":\"ListItem\",\"position\":1,\"name\":\"Accueil\",\"item\":\"https:\\\/\\\/fbo-engineering.com\\\/\"},{\"@type\":\"ListItem\",\"position\":2,\"name\":\"Accueil\"}]},{\"@type\":\"WebSite\",\"@id\":\"https:\\\/\\\/fbo-engineering.com\\\/#website\",\"url\":\"https:\\\/\\\/fbo-engineering.com\\\/\",\"name\":\"FBO Engineering\",\"description\":\"Expert consultant en usinage et d\u00e9colletage\",\"potentialAction\":[{\"@type\":\"SearchAction\",\"target\":{\"@type\":\"EntryPoint\",\"urlTemplate\":\"https:\\\/\\\/fbo-engineering.com\\\/?s={search_term_string}\"},\"query-input\":{\"@type\":\"PropertyValueSpecification\",\"valueRequired\":true,\"valueName\":\"search_term_string\"}}],\"inLanguage\":\"en-GB\"}]}<\/script>\n<!-- \/ Yoast SEO plugin. -->","yoast_head_json":{"title":"FBO Engineering - Franck Boccaccini - Expert in machining and production engineering","description":"Consultancy and business services company, expert consultant in machining and production engineering in many industrial fields.","robots":{"index":"index","follow":"follow","max-snippet":"max-snippet:-1","max-image-preview":"max-image-preview:large","max-video-preview":"max-video-preview:-1"},"canonical":"https:\/\/fbo-engineering.com\/en\/","og_locale":"en_GB","og_type":"article","og_title":"FBO Engineering - Franck Boccaccini - Expert en usinage et productique","og_description":"Soci\u00e9t\u00e9 de conseil et de services aux entreprises. Consultant expert en usinage et productique dans de nombreux domaines industriels.","og_url":"https:\/\/fbo-engineering.com\/en\/","og_site_name":"FBO Engineering","article_modified_time":"2023-01-26T06:26:05+00:00","twitter_card":"summary_large_image","twitter_misc":{"Estimated reading time":"1 minute"},"schema":{"@context":"https:\/\/schema.org","@graph":[{"@type":"WebPage","@id":"https:\/\/fbo-engineering.com\/","url":"https:\/\/fbo-engineering.com\/","name":"FBO Engineering - Franck Boccaccini - Expert in machining and production engineering","isPartOf":{"@id":"https:\/\/fbo-engineering.com\/#website"},"datePublished":"2020-03-03T09:24:12+00:00","dateModified":"2023-01-26T06:26:05+00:00","description":"Consultancy and business services company, expert consultant in machining and production engineering in many industrial fields.","breadcrumb":{"@id":"https:\/\/fbo-engineering.com\/#breadcrumb"},"inLanguage":"en-GB","potentialAction":[{"@type":"ReadAction","target":["https:\/\/fbo-engineering.com\/"]}]},{"@type":"BreadcrumbList","@id":"https:\/\/fbo-engineering.com\/#breadcrumb","itemListElement":[{"@type":"ListItem","position":1,"name":"Accueil","item":"https:\/\/fbo-engineering.com\/"},{"@type":"ListItem","position":2,"name":"Accueil"}]},{"@type":"WebSite","@id":"https:\/\/fbo-engineering.com\/#website","url":"https:\/\/fbo-engineering.com\/","name":"FBO Engineering","description":"Industrial production &amp; tooling expert","potentialAction":[{"@type":"SearchAction","target":{"@type":"EntryPoint","urlTemplate":"https:\/\/fbo-engineering.com\/?s={search_term_string}"},"query-input":{"@type":"PropertyValueSpecification","valueRequired":true,"valueName":"search_term_string"}}],"inLanguage":"en-GB"}]}},"builder_content":"<h1>FBO Engineering vous aide \u00e0 am\u00e9liorer votre productivit\u00e9<\/h1><p>Avec de l'optimisation des m\u00e9thodes d\u2019usinage, de l'organisation fine d'atelier et de l'audit sur l'efficience de production.<\/p>\n<h3>FBO Engineering vous aide \u00e0 am\u00e9liorer votre productivit\u00e9<\/h3><p>Avec de l'optimisation des m\u00e9thodes d\u2019usinage, de l'organisation fine d'atelier et de l'audit sur l'efficience de production.<\/p>\n<h1>FBO Engineering vous aide \u00e0 augmenter la valeur ajout\u00e9e\u00a0<\/h1> <p>\u00a0Avec de l\u2019int\u00e9gration verticale vous ma\u00eetriserez mieux vos d\u00e9lais et la qualit\u00e9 de vos produits finis.<\/p>\n<h3>FBO Engineering vous aide \u00e0 augmenter la valeur ajout\u00e9e\u00a0<\/h3> <p>\u00a0Avec de l\u2019int\u00e9gration verticale vous ma\u00eetriserez mieux vos d\u00e9lais et la qualit\u00e9 de vos produits finis.<\/p>\n<h1>FBO Engineering et l'horlogerie<\/h1> <p>\u00a0Prise en charge de la cr\u00e9ation et de la mont\u00e9e en production d\u2019une manufacture horlog\u00e8re.<\/p>\n<h3>FBO Engineering et l'horlogerie<\/h3> <p>\u00a0Prise en charge de la cr\u00e9ation et de la mont\u00e9e en production d\u2019une manufacture horlog\u00e8re.<\/p>","_links":{"self":[{"href":"https:\/\/fbo-engineering.com\/en\/wp-json\/wp\/v2\/pages\/8","targetHints":{"allow":["GET"]}}],"collection":[{"href":"https:\/\/fbo-engineering.com\/en\/wp-json\/wp\/v2\/pages"}],"about":[{"href":"https:\/\/fbo-engineering.com\/en\/wp-json\/wp\/v2\/types\/page"}],"author":[{"embeddable":true,"href":"https:\/\/fbo-engineering.com\/en\/wp-json\/wp\/v2\/users\/1"}],"replies":[{"embeddable":true,"href":"https:\/\/fbo-engineering.com\/en\/wp-json\/wp\/v2\/comments?post=8"}],"version-history":[{"count":5,"href":"https:\/\/fbo-engineering.com\/en\/wp-json\/wp\/v2\/pages\/8\/revisions"}],"predecessor-version":[{"id":1036,"href":"https:\/\/fbo-engineering.com\/en\/wp-json\/wp\/v2\/pages\/8\/revisions\/1036"}],"wp:attachment":[{"href":"https:\/\/fbo-engineering.com\/en\/wp-json\/wp\/v2\/media?parent=8"}],"curies":[{"name":"wp","href":"https:\/\/api.w.org\/{rel}","templated":true}]}}